{"id":9706,"date":"2026-02-28T18:17:36","date_gmt":"2026-03-01T00:17:36","guid":{"rendered":""},"modified":"-0001-11-30T00:00:00","modified_gmt":"-0001-11-30T05:00:00","slug":"carreras","status":"publish","type":"page","link":"https:\/\/www.mydental.com\/es\/careers\/","title":{"rendered":"Carreras"},"content":{"rendered":"","protected":false},"excerpt":{"rendered":"<p> [&#8230;]<\/p>\n<p><a class=\"btn btn-secondary understrap-read-more-link\" href=\"https:\/\/www.mydental.com\/es\/careers\/\">Read More&#8230;<\/a><\/p>\n","protected":false},"author":1,"featured_media":0,"parent":0,"menu_order":0,"comment_status":"closed","ping_status":"closed","template":"page-templates\/careers-page.php","meta":{"_acf_changed":false,"footnotes":""},"class_list":["post-9706","page","type-page","status-publish","hentry"],"acf":[],"yoast_head":"<!-- This site is optimized with the Yoast SEO plugin v27.4 - https:\/\/yoast.com\/product\/yoast-seo-wordpress\/ -->\n<title>Dental Careers in Austin, TX | Join the myDental Team<\/title>\n<meta name=\"description\" content=\"Join myDental ? a 100% dentist-owned dental practice with multiple Austin-area locations. We offer competitive pay, benefits, ongoing training, and a supportive team culture. View open positions.\" \/>\n<meta name=\"robots\" content=\"index, follow, max-snippet:-1, max-image-preview:large, max-video-preview:-1\" \/>\n<link rel=\"canonical\" href=\"https:\/\/www.mydental.com\/es\/carreras\/\" \/>\n<meta property=\"og:locale\" content=\"es_MX\" \/>\n<meta property=\"og:type\" content=\"article\" \/>\n<meta property=\"og:title\" content=\"Dental Careers in Austin, TX | Join the myDental Team\" \/>\n<meta property=\"og:description\" content=\"Join myDental ? a 100% dentist-owned dental practice with multiple Austin-area locations. We offer competitive pay, benefits, ongoing training, and a supportive team culture. View open positions.\" \/>\n<meta property=\"og:url\" content=\"https:\/\/www.mydental.com\/es\/carreras\/\" \/>\n<meta property=\"og:site_name\" content=\"myDental\" \/>\n<meta name=\"twitter:card\" content=\"summary_large_image\" \/>\n<script type=\"application\/ld+json\" class=\"yoast-schema-graph\">{\"@context\":\"https:\\\/\\\/schema.org\",\"@graph\":[{\"@type\":\"WebPage\",\"@id\":\"https:\\\/\\\/www.mydental.com\\\/careers\\\/\",\"url\":\"https:\\\/\\\/www.mydental.com\\\/careers\\\/\",\"name\":\"Dental Careers in Austin, TX | Join the myDental Team\",\"isPartOf\":{\"@id\":\"https:\\\/\\\/www.mydental.com\\\/#website\"},\"datePublished\":\"2026-03-01T00:17:36+00:00\",\"description\":\"Join myDental ? a 100% dentist-owned dental practice with multiple Austin-area locations. We offer competitive pay, benefits, ongoing training, and a supportive team culture. View open positions.\",\"breadcrumb\":{\"@id\":\"https:\\\/\\\/www.mydental.com\\\/careers\\\/#breadcrumb\"},\"inLanguage\":\"es\",\"potentialAction\":[{\"@type\":\"ReadAction\",\"target\":[\"https:\\\/\\\/www.mydental.com\\\/careers\\\/\"]}]},{\"@type\":\"BreadcrumbList\",\"@id\":\"https:\\\/\\\/www.mydental.com\\\/careers\\\/#breadcrumb\",\"itemListElement\":[{\"@type\":\"ListItem\",\"position\":1,\"name\":\"Home\",\"item\":\"https:\\\/\\\/www.mydental.com\\\/\"},{\"@type\":\"ListItem\",\"position\":2,\"name\":\"Careers\"}]},{\"@type\":\"WebSite\",\"@id\":\"https:\\\/\\\/www.mydental.com\\\/#website\",\"url\":\"https:\\\/\\\/www.mydental.com\\\/\",\"name\":\"myDental\",\"description\":\"\",\"publisher\":{\"@id\":\"https:\\\/\\\/www.mydental.com\\\/#organization\"},\"potentialAction\":[{\"@type\":\"SearchAction\",\"target\":{\"@type\":\"EntryPoint\",\"urlTemplate\":\"https:\\\/\\\/www.mydental.com\\\/?s={search_term_string}\"},\"query-input\":{\"@type\":\"PropertyValueSpecification\",\"valueRequired\":true,\"valueName\":\"search_term_string\"}}],\"inLanguage\":\"es\"},{\"@type\":\"Organization\",\"@id\":\"https:\\\/\\\/www.mydental.com\\\/#organization\",\"name\":\"myDental\",\"url\":\"https:\\\/\\\/www.mydental.com\\\/\",\"logo\":{\"@type\":\"ImageObject\",\"inLanguage\":\"es\",\"@id\":\"https:\\\/\\\/www.mydental.com\\\/#\\\/schema\\\/logo\\\/image\\\/\",\"url\":\"https:\\\/\\\/www.mydental.com\\\/wp-content\\\/uploads\\\/2024\\\/05\\\/cropped-myDental-logo-r.png\",\"contentUrl\":\"https:\\\/\\\/www.mydental.com\\\/wp-content\\\/uploads\\\/2024\\\/05\\\/cropped-myDental-logo-r.png\",\"width\":762,\"height\":139,\"caption\":\"myDental\"},\"image\":{\"@id\":\"https:\\\/\\\/www.mydental.com\\\/#\\\/schema\\\/logo\\\/image\\\/\"}}]}<\/script>\n<!-- \/ Yoast SEO plugin. -->","yoast_head_json":{"title":"Carreras dentales en Austin, TX | \u00danete al equipo de myDental","description":"\u00danete a myDental, una cl\u00ednica dental 100% con varias ubicaciones en el \u00e1rea de Austin. Ofrecemos un salario competitivo, beneficios, capacitaci\u00f3n continua y un ambiente de equipo de apoyo. Consulta las vacantes disponibles.","robots":{"index":"index","follow":"follow","max-snippet":"max-snippet:-1","max-image-preview":"max-image-preview:large","max-video-preview":"max-video-preview:-1"},"canonical":"https:\/\/www.mydental.com\/es\/carreras\/","og_locale":"es_MX","og_type":"article","og_title":"Dental Careers in Austin, TX | Join the myDental Team","og_description":"Join myDental ? a 100% dentist-owned dental practice with multiple Austin-area locations. We offer competitive pay, benefits, ongoing training, and a supportive team culture. View open positions.","og_url":"https:\/\/www.mydental.com\/es\/carreras\/","og_site_name":"myDental","twitter_card":"summary_large_image","schema":{"@context":"https:\/\/schema.org","@graph":[{"@type":"WebPage","@id":"https:\/\/www.mydental.com\/careers\/","url":"https:\/\/www.mydental.com\/careers\/","name":"Carreras dentales en Austin, TX | \u00danete al equipo de myDental","isPartOf":{"@id":"https:\/\/www.mydental.com\/#website"},"datePublished":"2026-03-01T00:17:36+00:00","description":"\u00danete a myDental, una cl\u00ednica dental 100% con varias ubicaciones en el \u00e1rea de Austin. Ofrecemos un salario competitivo, beneficios, capacitaci\u00f3n continua y un ambiente de equipo de apoyo. Consulta las vacantes disponibles.","breadcrumb":{"@id":"https:\/\/www.mydental.com\/careers\/#breadcrumb"},"inLanguage":"es","potentialAction":[{"@type":"ReadAction","target":["https:\/\/www.mydental.com\/careers\/"]}]},{"@type":"BreadcrumbList","@id":"https:\/\/www.mydental.com\/careers\/#breadcrumb","itemListElement":[{"@type":"ListItem","position":1,"name":"Home","item":"https:\/\/www.mydental.com\/"},{"@type":"ListItem","position":2,"name":"Careers"}]},{"@type":"WebSite","@id":"https:\/\/www.mydental.com\/#website","url":"https:\/\/www.mydental.com\/","name":"miDental","description":"","publisher":{"@id":"https:\/\/www.mydental.com\/#organization"},"potentialAction":[{"@type":"SearchAction","target":{"@type":"EntryPoint","urlTemplate":"https:\/\/www.mydental.com\/?s={search_term_string}"},"query-input":{"@type":"PropertyValueSpecification","valueRequired":true,"valueName":"search_term_string"}}],"inLanguage":"es"},{"@type":"Organization","@id":"https:\/\/www.mydental.com\/#organization","name":"miDental","url":"https:\/\/www.mydental.com\/","logo":{"@type":"ImageObject","inLanguage":"es","@id":"https:\/\/www.mydental.com\/#\/schema\/logo\/image\/","url":"https:\/\/www.mydental.com\/wp-content\/uploads\/2024\/05\/cropped-myDental-logo-r.png","contentUrl":"https:\/\/www.mydental.com\/wp-content\/uploads\/2024\/05\/cropped-myDental-logo-r.png","width":762,"height":139,"caption":"myDental"},"image":{"@id":"https:\/\/www.mydental.com\/#\/schema\/logo\/image\/"}}]}},"_links":{"self":[{"href":"https:\/\/www.mydental.com\/es\/wp-json\/wp\/v2\/pages\/9706","targetHints":{"allow":["GET"]}}],"collection":[{"href":"https:\/\/www.mydental.com\/es\/wp-json\/wp\/v2\/pages"}],"about":[{"href":"https:\/\/www.mydental.com\/es\/wp-json\/wp\/v2\/types\/page"}],"author":[{"embeddable":true,"href":"https:\/\/www.mydental.com\/es\/wp-json\/wp\/v2\/users\/1"}],"replies":[{"embeddable":true,"href":"https:\/\/www.mydental.com\/es\/wp-json\/wp\/v2\/comments?post=9706"}],"version-history":[{"count":0,"href":"https:\/\/www.mydental.com\/es\/wp-json\/wp\/v2\/pages\/9706\/revisions"}],"wp:attachment":[{"href":"https:\/\/www.mydental.com\/es\/wp-json\/wp\/v2\/media?parent=9706"}],"curies":[{"name":"wp","href":"https:\/\/api.w.org\/{rel}","templated":true}]}}