{"id":86,"date":"2018-02-21T17:33:05","date_gmt":"2018-02-21T23:33:05","guid":{"rendered":"https:\/\/mydentalatx.wpengine.com\/?page_id=86"},"modified":"2024-09-09T15:44:22","modified_gmt":"2024-09-09T20:44:22","slug":"informacion-al-paciente","status":"publish","type":"page","link":"https:\/\/www.mydental.com\/es\/patient-information\/","title":{"rendered":"Informaci\u00f3n para el paciente"},"content":{"rendered":"<div class=\"yoast-breadcrumbs\"><span><span><a href=\"https:\/\/www.mydental.com\/es\/\">Hogar<\/a><\/span> \u00bb <span class=\"breadcrumb_last\" aria-current=\"page\">Informaci\u00f3n para el paciente<\/span><\/span><\/div>\n\n<h1>Informaci\u00f3n para pacientes sobre nuestra cl\u00ednica dental en Austin<\/h1>\n<p>Programaremos su cita lo antes posible. Si tiene dolor o tiene alguna duda,&nbsp;<a href=\"https:\/\/www.mydental.com\/es\/servicios\/odontologia-de-urgencia\/\">emergencia dental<\/a>, Haremos todo lo posible por verte ese d\u00eda.<\/p>\n<p>Sabemos que tiene poco tiempo y nos esforzamos por cumplir con el horario previsto para minimizar su espera. Sin embargo, diversas circunstancias pueden prolongar el tiempo asignado para un procedimiento. Tambi\u00e9n pueden surgir casos de emergencia que causen retrasos. Agradecemos su comprensi\u00f3n y paciencia.<\/p>","protected":false},"excerpt":{"rendered":"<p>Patient Information About Our Austin Dentist Office We will schedule your appointment as promptly as possible. If you are in pain or have a&nbsp;dental emergency, we will make every attempt to see you that day. We know you are busy and we try our best to stay on schedule to minimize your waiting. However, various [&#8230;]<\/p>\n<p><a class=\"btn btn-secondary understrap-read-more-link\" href=\"https:\/\/www.mydental.com\/es\/patient-information\/\">Read More&#8230;<\/a><\/p>\n","protected":false},"author":6,"featured_media":758,"parent":0,"menu_order":50,"comment_status":"closed","ping_status":"closed","template":"page-templates\/patient-information-page.php","meta":{"_acf_changed":false,"footnotes":""},"class_list":["post-86","page","type-page","status-publish","has-post-thumbnail","hentry"],"acf":[],"yoast_head":"<!-- This site is optimized with the Yoast SEO plugin v27.3 - https:\/\/yoast.com\/product\/yoast-seo-wordpress\/ -->\n<title>Patient Information: Insurance, Financing &amp; Guide | myDental<\/title>\n<meta name=\"description\" content=\"Everything you need before your visit. See accepted insurance plans, flexible financing options, new patient registration, and the technology behind your care at myDental.\" \/>\n<meta name=\"robots\" content=\"index, follow, max-snippet:-1, max-image-preview:large, max-video-preview:-1\" \/>\n<link rel=\"canonical\" href=\"https:\/\/www.mydental.com\/es\/informacion-al-paciente\/\" \/>\n<meta property=\"og:locale\" content=\"es_MX\" \/>\n<meta property=\"og:type\" content=\"article\" \/>\n<meta property=\"og:title\" content=\"Patient Information: Insurance, Financing &amp; Guide | myDental\" \/>\n<meta property=\"og:description\" content=\"Everything you need before your visit. See accepted insurance plans, flexible financing options, new patient registration, and the technology behind your care at myDental.\" \/>\n<meta property=\"og:url\" content=\"https:\/\/www.mydental.com\/es\/informacion-al-paciente\/\" \/>\n<meta property=\"og:site_name\" content=\"myDental\" \/>\n<meta property=\"article:modified_time\" content=\"2024-09-09T20:44:22+00:00\" \/>\n<meta property=\"og:image\" content=\"https:\/\/www.mydental.com\/wp-content\/uploads\/2019\/05\/dentist-austin-texas-myDental-24.jpg\" \/>\n\t<meta property=\"og:image:width\" content=\"3200\" \/>\n\t<meta property=\"og:image:height\" content=\"1800\" \/>\n\t<meta property=\"og:image:type\" content=\"image\/jpeg\" \/>\n<meta name=\"twitter:card\" content=\"summary_large_image\" \/>\n<meta name=\"twitter:label1\" content=\"Tiempo de lectura\" \/>\n\t<meta name=\"twitter:data1\" content=\"3 minutos\" \/>\n<script type=\"application\/ld+json\" class=\"yoast-schema-graph\">{\"@context\":\"https:\\\/\\\/schema.org\",\"@graph\":[{\"@type\":\"WebPage\",\"@id\":\"https:\\\/\\\/www.mydental.com\\\/patient-information\\\/\",\"url\":\"https:\\\/\\\/www.mydental.com\\\/patient-information\\\/\",\"name\":\"Patient Information: Insurance, Financing & Guide | myDental\",\"isPartOf\":{\"@id\":\"https:\\\/\\\/www.mydental.com\\\/#website\"},\"primaryImageOfPage\":{\"@id\":\"https:\\\/\\\/www.mydental.com\\\/patient-information\\\/#primaryimage\"},\"image\":{\"@id\":\"https:\\\/\\\/www.mydental.com\\\/patient-information\\\/#primaryimage\"},\"thumbnailUrl\":\"https:\\\/\\\/www.mydental.com\\\/wp-content\\\/uploads\\\/2019\\\/05\\\/dentist-austin-texas-myDental-24.jpg\",\"datePublished\":\"2018-02-21T23:33:05+00:00\",\"dateModified\":\"2024-09-09T20:44:22+00:00\",\"description\":\"Everything you need before your visit. See accepted insurance plans, flexible financing options, new patient registration, and the technology behind your care at myDental.\",\"breadcrumb\":{\"@id\":\"https:\\\/\\\/www.mydental.com\\\/patient-information\\\/#breadcrumb\"},\"inLanguage\":\"es\",\"potentialAction\":[{\"@type\":\"ReadAction\",\"target\":[\"https:\\\/\\\/www.mydental.com\\\/patient-information\\\/\"]}]},{\"@type\":\"ImageObject\",\"inLanguage\":\"es\",\"@id\":\"https:\\\/\\\/www.mydental.com\\\/patient-information\\\/#primaryimage\",\"url\":\"https:\\\/\\\/www.mydental.com\\\/wp-content\\\/uploads\\\/2019\\\/05\\\/dentist-austin-texas-myDental-24.jpg\",\"contentUrl\":\"https:\\\/\\\/www.mydental.com\\\/wp-content\\\/uploads\\\/2019\\\/05\\\/dentist-austin-texas-myDental-24.jpg\",\"width\":3200,\"height\":1800,\"caption\":\"information from dentists about common dental conditions\"},{\"@type\":\"BreadcrumbList\",\"@id\":\"https:\\\/\\\/www.mydental.com\\\/patient-information\\\/#breadcrumb\",\"itemListElement\":[{\"@type\":\"ListItem\",\"position\":1,\"name\":\"Home\",\"item\":\"https:\\\/\\\/www.mydental.com\\\/\"},{\"@type\":\"ListItem\",\"position\":2,\"name\":\"Patient Information\"}]},{\"@type\":\"WebSite\",\"@id\":\"https:\\\/\\\/www.mydental.com\\\/#website\",\"url\":\"https:\\\/\\\/www.mydental.com\\\/\",\"name\":\"myDental\",\"description\":\"\",\"publisher\":{\"@id\":\"https:\\\/\\\/www.mydental.com\\\/#organization\"},\"potentialAction\":[{\"@type\":\"SearchAction\",\"target\":{\"@type\":\"EntryPoint\",\"urlTemplate\":\"https:\\\/\\\/www.mydental.com\\\/?s={search_term_string}\"},\"query-input\":{\"@type\":\"PropertyValueSpecification\",\"valueRequired\":true,\"valueName\":\"search_term_string\"}}],\"inLanguage\":\"es\"},{\"@type\":\"Organization\",\"@id\":\"https:\\\/\\\/www.mydental.com\\\/#organization\",\"name\":\"myDental\",\"url\":\"https:\\\/\\\/www.mydental.com\\\/\",\"logo\":{\"@type\":\"ImageObject\",\"inLanguage\":\"es\",\"@id\":\"https:\\\/\\\/www.mydental.com\\\/#\\\/schema\\\/logo\\\/image\\\/\",\"url\":\"https:\\\/\\\/www.mydental.com\\\/wp-content\\\/uploads\\\/2024\\\/05\\\/cropped-myDental-logo-r.png\",\"contentUrl\":\"https:\\\/\\\/www.mydental.com\\\/wp-content\\\/uploads\\\/2024\\\/05\\\/cropped-myDental-logo-r.png\",\"width\":762,\"height\":139,\"caption\":\"myDental\"},\"image\":{\"@id\":\"https:\\\/\\\/www.mydental.com\\\/#\\\/schema\\\/logo\\\/image\\\/\"}}]}<\/script>\n<!-- \/ Yoast SEO plugin. -->","yoast_head_json":{"title":"Informaci\u00f3n para el paciente: Seguro, financiaci\u00f3n y gu\u00eda | myDental","description":"Todo lo que necesita antes de su visita. Consulte los planes de seguro aceptados, las opciones de financiamiento flexibles, el registro de nuevos pacientes y la tecnolog\u00eda que respalda su atenci\u00f3n en myDental.","robots":{"index":"index","follow":"follow","max-snippet":"max-snippet:-1","max-image-preview":"max-image-preview:large","max-video-preview":"max-video-preview:-1"},"canonical":"https:\/\/www.mydental.com\/es\/informacion-al-paciente\/","og_locale":"es_MX","og_type":"article","og_title":"Patient Information: Insurance, Financing & Guide | myDental","og_description":"Everything you need before your visit. See accepted insurance plans, flexible financing options, new patient registration, and the technology behind your care at myDental.","og_url":"https:\/\/www.mydental.com\/es\/informacion-al-paciente\/","og_site_name":"myDental","article_modified_time":"2024-09-09T20:44:22+00:00","og_image":[{"width":3200,"height":1800,"url":"https:\/\/www.mydental.com\/wp-content\/uploads\/2019\/05\/dentist-austin-texas-myDental-24.jpg","type":"image\/jpeg"}],"twitter_card":"summary_large_image","twitter_misc":{"Tiempo de lectura":"3 minutos"},"schema":{"@context":"https:\/\/schema.org","@graph":[{"@type":"WebPage","@id":"https:\/\/www.mydental.com\/patient-information\/","url":"https:\/\/www.mydental.com\/patient-information\/","name":"Informaci\u00f3n para el paciente: Seguro, financiaci\u00f3n y gu\u00eda | myDental","isPartOf":{"@id":"https:\/\/www.mydental.com\/#website"},"primaryImageOfPage":{"@id":"https:\/\/www.mydental.com\/patient-information\/#primaryimage"},"image":{"@id":"https:\/\/www.mydental.com\/patient-information\/#primaryimage"},"thumbnailUrl":"https:\/\/www.mydental.com\/wp-content\/uploads\/2019\/05\/dentist-austin-texas-myDental-24.jpg","datePublished":"2018-02-21T23:33:05+00:00","dateModified":"2024-09-09T20:44:22+00:00","description":"Todo lo que necesita antes de su visita. Consulte los planes de seguro aceptados, las opciones de financiamiento flexibles, el registro de nuevos pacientes y la tecnolog\u00eda que respalda su atenci\u00f3n en myDental.","breadcrumb":{"@id":"https:\/\/www.mydental.com\/patient-information\/#breadcrumb"},"inLanguage":"es","potentialAction":[{"@type":"ReadAction","target":["https:\/\/www.mydental.com\/patient-information\/"]}]},{"@type":"ImageObject","inLanguage":"es","@id":"https:\/\/www.mydental.com\/patient-information\/#primaryimage","url":"https:\/\/www.mydental.com\/wp-content\/uploads\/2019\/05\/dentist-austin-texas-myDental-24.jpg","contentUrl":"https:\/\/www.mydental.com\/wp-content\/uploads\/2019\/05\/dentist-austin-texas-myDental-24.jpg","width":3200,"height":1800,"caption":"information from dentists about common dental conditions"},{"@type":"BreadcrumbList","@id":"https:\/\/www.mydental.com\/patient-information\/#breadcrumb","itemListElement":[{"@type":"ListItem","position":1,"name":"Home","item":"https:\/\/www.mydental.com\/"},{"@type":"ListItem","position":2,"name":"Patient Information"}]},{"@type":"WebSite","@id":"https:\/\/www.mydental.com\/#website","url":"https:\/\/www.mydental.com\/","name":"miDental","description":"","publisher":{"@id":"https:\/\/www.mydental.com\/#organization"},"potentialAction":[{"@type":"SearchAction","target":{"@type":"EntryPoint","urlTemplate":"https:\/\/www.mydental.com\/?s={search_term_string}"},"query-input":{"@type":"PropertyValueSpecification","valueRequired":true,"valueName":"search_term_string"}}],"inLanguage":"es"},{"@type":"Organization","@id":"https:\/\/www.mydental.com\/#organization","name":"miDental","url":"https:\/\/www.mydental.com\/","logo":{"@type":"ImageObject","inLanguage":"es","@id":"https:\/\/www.mydental.com\/#\/schema\/logo\/image\/","url":"https:\/\/www.mydental.com\/wp-content\/uploads\/2024\/05\/cropped-myDental-logo-r.png","contentUrl":"https:\/\/www.mydental.com\/wp-content\/uploads\/2024\/05\/cropped-myDental-logo-r.png","width":762,"height":139,"caption":"myDental"},"image":{"@id":"https:\/\/www.mydental.com\/#\/schema\/logo\/image\/"}}]}},"_links":{"self":[{"href":"https:\/\/www.mydental.com\/es\/wp-json\/wp\/v2\/pages\/86","targetHints":{"allow":["GET"]}}],"collection":[{"href":"https:\/\/www.mydental.com\/es\/wp-json\/wp\/v2\/pages"}],"about":[{"href":"https:\/\/www.mydental.com\/es\/wp-json\/wp\/v2\/types\/page"}],"author":[{"embeddable":true,"href":"https:\/\/www.mydental.com\/es\/wp-json\/wp\/v2\/users\/6"}],"replies":[{"embeddable":true,"href":"https:\/\/www.mydental.com\/es\/wp-json\/wp\/v2\/comments?post=86"}],"version-history":[{"count":3,"href":"https:\/\/www.mydental.com\/es\/wp-json\/wp\/v2\/pages\/86\/revisions"}],"predecessor-version":[{"id":2088,"href":"https:\/\/www.mydental.com\/es\/wp-json\/wp\/v2\/pages\/86\/revisions\/2088"}],"wp:featuredmedia":[{"embeddable":true,"href":"https:\/\/www.mydental.com\/es\/wp-json\/wp\/v2\/media\/758"}],"wp:attachment":[{"href":"https:\/\/www.mydental.com\/es\/wp-json\/wp\/v2\/media?parent=86"}],"curies":[{"name":"wp","href":"https:\/\/api.w.org\/{rel}","templated":true}]}}