{"id":745,"date":"2019-05-21T11:49:21","date_gmt":"2019-05-21T16:49:21","guid":{"rendered":"https:\/\/www.mydentaltx.com\/?page_id=745"},"modified":"2026-01-18T08:26:50","modified_gmt":"2026-01-18T14:26:50","slug":"roca-redonda","status":"publish","type":"page","link":"https:\/\/www.mydental.com\/es\/locations\/round-rock\/","title":{"rendered":"Roca redonda"},"content":{"rendered":"<div class=\"text-center\"><h2>C\u00f3mo elegir un dentista en Round Rock<\/h2><\/div>\n\n\n\n<p>Elegir al dentista adecuado en Round Rock, Texas, es mucho m\u00e1s importante de lo que crees. Si tu objetivo es lucir una sonrisa sana, el cuidado dental apropiado es fundamental.<\/p>\n\n\n\n<p>Quiz\u00e1s tu primer impulso sea acudir al primer dentista que veas en vallas publicitarias, pero te recomendamos pensarlo un poco m\u00e1s. Aqu\u00ed tienes algunos aspectos a tener en cuenta al buscar un dentista en Round Rock, Texas.<\/p>\n\n\n\n<p>Busque un dentista que est\u00e9 convenientemente ubicado cerca de su casa o trabajo. Esto le facilitar\u00e1 programar y cumplir con sus citas. Contamos con consultorios dentales convenientemente ubicados en todo Austin y Round Rock.<\/p>\n\n\n\n<p>Ten en cuenta el horario de la consulta del dentista. Si tienes una agenda apretada, quiz\u00e1s te convenga buscar un dentista con horario extendido. A nuestros pacientes les encanta que estemos abiertos hasta las 18:00 de lunes a viernes, ya que les permite venir despu\u00e9s del trabajo sin tener que irse temprano. Tambi\u00e9n puedes programar citas en l\u00ednea.<\/p>\n\n\n\n<p>Verifique las credenciales del dentista. Aseg\u00farese de que tenga licencia para ejercer en su estado y que cuente con la formaci\u00f3n necesaria para brindarle la atenci\u00f3n que necesita. Tambi\u00e9n es importante que lea las rese\u00f1as. La mayor\u00eda de las personas recomiendan ampliamente nuestros servicios dentales y tenemos una calificaci\u00f3n de cinco estrellas en Google.<\/p>\n\n\n\n<p>Busque un dentista en Round Rock, Texas, que est\u00e9 al d\u00eda con las \u00faltimas tecnolog\u00edas y t\u00e9cnicas. Esto le garantizar\u00e1 la mejor atenci\u00f3n posible. Nuestras cl\u00ednicas cuentan con la tecnolog\u00eda m\u00e1s avanzada para que se sienta c\u00f3modo y pueda concentrarse en su salud dental.<\/p>\n\n\n\n<h3 class=\"wp-block-heading\">Implantes dentales<\/h3>\n\n\n\n<p>La p\u00e9rdida de dientes puede afectar su confianza, su capacidad para comer c\u00f3modamente y su salud bucal a largo plazo. Nuestra cl\u00ednica en Round Rock ofrece servicios integrales. <a href=\"\/es\/lugares\/roca-redonda\/implantes-dentales\/\">servicios de implantes dentales<\/a>, Desde implantes de un solo diente hasta soluciones All-on-4 de arcada completa. Dirigido por el Dr. Nabeel Iqbal, nuestro experimentado equipo se encarga de cada paso de su tratamiento de implantes aqu\u00ed mismo en Round Rock.<\/p>\n\n\n\n<p>Si est\u00e1 listo para dar un paso positivo hacia una mejor salud bucal, todas nuestras oficinas est\u00e1n abiertas y encantadas de tenerlo como paciente. Si actualmente est\u00e1 experimentando una <a href=\"\/es\/lugares\/roca-redonda\/urgencias-dentales\/\">emergencia dental<\/a>, puedes r\u00e1pidamente <a href=\"https:\/\/mydental.co\/2u7\" target=\"_blank\" rel=\"noreferrer noopener\">Solicite una cita en l\u00ednea<\/a> y nos vemos lo antes posible.<\/p>","protected":false},"excerpt":{"rendered":"<p>Choosing a Dentist in Round Rock Choosing the right dentist in Round Rock TX is much more important than you might think. If your goal is to achieve a healthy smile, proper dental care is essential. Your first instinct might be to go with the first dentist you see on billboards and advertisements but we [&#8230;]<\/p>\n<p><a class=\"btn btn-secondary understrap-read-more-link\" href=\"https:\/\/www.mydental.com\/es\/locations\/round-rock\/\">Read More&#8230;<\/a><\/p>\n","protected":false},"author":6,"featured_media":757,"parent":139,"menu_order":25,"comment_status":"closed","ping_status":"closed","template":"page-templates\/location-single.php","meta":{"_acf_changed":false,"footnotes":""},"class_list":["post-745","page","type-page","status-publish","has-post-thumbnail","hentry","locations-round-rock"],"acf":[],"yoast_head":"<!-- This site is optimized with the Yoast SEO plugin v27.5 - https:\/\/yoast.com\/product\/yoast-seo-wordpress\/ -->\n<title>Dentist in Round Rock, TX | myDental Round Rock<\/title>\n<meta name=\"description\" content=\"Dentist in Round Rock, TX offering cleanings, implants, Invisalign &amp; emergency dental care. Bilingual staff. 4.7-star rated. Book your visit today!\" \/>\n<meta name=\"robots\" content=\"index, follow, max-snippet:-1, max-image-preview:large, max-video-preview:-1\" \/>\n<link rel=\"canonical\" href=\"https:\/\/www.mydental.com\/es\/lugares\/roca-redonda\/\" \/>\n<meta property=\"og:locale\" content=\"es_MX\" \/>\n<meta property=\"og:type\" content=\"article\" \/>\n<meta property=\"og:title\" content=\"Dentist in Round Rock, TX | myDental Round Rock\" \/>\n<meta property=\"og:description\" content=\"Dentist in Round Rock, TX offering cleanings, implants, Invisalign &amp; emergency dental care. Bilingual staff. 4.7-star rated. Book your visit today!\" \/>\n<meta property=\"og:url\" content=\"https:\/\/www.mydental.com\/es\/lugares\/roca-redonda\/\" \/>\n<meta property=\"og:site_name\" content=\"myDental\" \/>\n<meta property=\"article:modified_time\" content=\"2026-01-18T14:26:50+00:00\" \/>\n<meta property=\"og:image\" content=\"https:\/\/www.mydental.com\/wp-content\/uploads\/2019\/05\/dentist-austin-texas-myDental-26.jpg\" \/>\n\t<meta property=\"og:image:width\" content=\"3200\" \/>\n\t<meta property=\"og:image:height\" content=\"1800\" \/>\n\t<meta property=\"og:image:type\" content=\"image\/jpeg\" \/>\n<meta name=\"twitter:card\" content=\"summary_large_image\" \/>\n<meta name=\"twitter:label1\" content=\"Tiempo de lectura\" \/>\n\t<meta name=\"twitter:data1\" content=\"4 minutos\" \/>\n<script type=\"application\/ld+json\" class=\"yoast-schema-graph\">{\"@context\":\"https:\\\/\\\/schema.org\",\"@graph\":[{\"@type\":\"WebPage\",\"@id\":\"https:\\\/\\\/www.mydental.com\\\/locations\\\/round-rock\\\/\",\"url\":\"https:\\\/\\\/www.mydental.com\\\/locations\\\/round-rock\\\/\",\"name\":\"Dentist in Round Rock, TX | myDental Round Rock\",\"isPartOf\":{\"@id\":\"https:\\\/\\\/www.mydental.com\\\/#website\"},\"primaryImageOfPage\":{\"@id\":\"https:\\\/\\\/www.mydental.com\\\/locations\\\/round-rock\\\/#primaryimage\"},\"image\":{\"@id\":\"https:\\\/\\\/www.mydental.com\\\/locations\\\/round-rock\\\/#primaryimage\"},\"thumbnailUrl\":\"https:\\\/\\\/www.mydental.com\\\/wp-content\\\/uploads\\\/2019\\\/05\\\/dentist-austin-texas-myDental-26.jpg\",\"datePublished\":\"2019-05-21T16:49:21+00:00\",\"dateModified\":\"2026-01-18T14:26:50+00:00\",\"description\":\"Dentist in Round Rock, TX offering cleanings, implants, Invisalign & emergency dental care. Bilingual staff. 4.7-star rated. Book your visit today!\",\"breadcrumb\":{\"@id\":\"https:\\\/\\\/www.mydental.com\\\/locations\\\/round-rock\\\/#breadcrumb\"},\"inLanguage\":\"es\",\"potentialAction\":[{\"@type\":\"ReadAction\",\"target\":[\"https:\\\/\\\/www.mydental.com\\\/locations\\\/round-rock\\\/\"]}]},{\"@type\":\"ImageObject\",\"inLanguage\":\"es\",\"@id\":\"https:\\\/\\\/www.mydental.com\\\/locations\\\/round-rock\\\/#primaryimage\",\"url\":\"https:\\\/\\\/www.mydental.com\\\/wp-content\\\/uploads\\\/2019\\\/05\\\/dentist-austin-texas-myDental-26.jpg\",\"contentUrl\":\"https:\\\/\\\/www.mydental.com\\\/wp-content\\\/uploads\\\/2019\\\/05\\\/dentist-austin-texas-myDental-26.jpg\",\"width\":3200,\"height\":1800,\"caption\":\"mydental at round rock dentists office\"},{\"@type\":\"BreadcrumbList\",\"@id\":\"https:\\\/\\\/www.mydental.com\\\/locations\\\/round-rock\\\/#breadcrumb\",\"itemListElement\":[{\"@type\":\"ListItem\",\"position\":1,\"name\":\"Home\",\"item\":\"https:\\\/\\\/www.mydental.com\\\/\"},{\"@type\":\"ListItem\",\"position\":2,\"name\":\"Locations\",\"item\":\"https:\\\/\\\/www.mydental.com\\\/locations\\\/\"},{\"@type\":\"ListItem\",\"position\":3,\"name\":\"Round Rock\"}]},{\"@type\":\"WebSite\",\"@id\":\"https:\\\/\\\/www.mydental.com\\\/#website\",\"url\":\"https:\\\/\\\/www.mydental.com\\\/\",\"name\":\"myDental\",\"description\":\"\",\"publisher\":{\"@id\":\"https:\\\/\\\/www.mydental.com\\\/#organization\"},\"potentialAction\":[{\"@type\":\"SearchAction\",\"target\":{\"@type\":\"EntryPoint\",\"urlTemplate\":\"https:\\\/\\\/www.mydental.com\\\/?s={search_term_string}\"},\"query-input\":{\"@type\":\"PropertyValueSpecification\",\"valueRequired\":true,\"valueName\":\"search_term_string\"}}],\"inLanguage\":\"es\"},{\"@type\":\"Organization\",\"@id\":\"https:\\\/\\\/www.mydental.com\\\/#organization\",\"name\":\"myDental\",\"url\":\"https:\\\/\\\/www.mydental.com\\\/\",\"logo\":{\"@type\":\"ImageObject\",\"inLanguage\":\"es\",\"@id\":\"https:\\\/\\\/www.mydental.com\\\/#\\\/schema\\\/logo\\\/image\\\/\",\"url\":\"https:\\\/\\\/www.mydental.com\\\/wp-content\\\/uploads\\\/2024\\\/05\\\/cropped-myDental-logo-r.png\",\"contentUrl\":\"https:\\\/\\\/www.mydental.com\\\/wp-content\\\/uploads\\\/2024\\\/05\\\/cropped-myDental-logo-r.png\",\"width\":762,\"height\":139,\"caption\":\"myDental\"},\"image\":{\"@id\":\"https:\\\/\\\/www.mydental.com\\\/#\\\/schema\\\/logo\\\/image\\\/\"}}]}<\/script>\n<!-- \/ Yoast SEO plugin. -->","yoast_head_json":{"title":"Dentista en Round Rock, TX | myDental Round Rock","description":"Dentista en Round Rock, TX, que ofrece limpiezas, implantes, Invisalign y atenci\u00f3n dental de emergencia. Personal biling\u00fce. Calificaci\u00f3n de 4.7 estrellas. \u00a1Reserve su cita hoy mismo!","robots":{"index":"index","follow":"follow","max-snippet":"max-snippet:-1","max-image-preview":"max-image-preview:large","max-video-preview":"max-video-preview:-1"},"canonical":"https:\/\/www.mydental.com\/es\/lugares\/roca-redonda\/","og_locale":"es_MX","og_type":"article","og_title":"Dentist in Round Rock, TX | myDental Round Rock","og_description":"Dentist in Round Rock, TX offering cleanings, implants, Invisalign & emergency dental care. Bilingual staff. 4.7-star rated. Book your visit today!","og_url":"https:\/\/www.mydental.com\/es\/lugares\/roca-redonda\/","og_site_name":"myDental","article_modified_time":"2026-01-18T14:26:50+00:00","og_image":[{"width":3200,"height":1800,"url":"https:\/\/www.mydental.com\/wp-content\/uploads\/2019\/05\/dentist-austin-texas-myDental-26.jpg","type":"image\/jpeg"}],"twitter_card":"summary_large_image","twitter_misc":{"Tiempo de lectura":"4 minutos"},"schema":{"@context":"https:\/\/schema.org","@graph":[{"@type":"WebPage","@id":"https:\/\/www.mydental.com\/locations\/round-rock\/","url":"https:\/\/www.mydental.com\/locations\/round-rock\/","name":"Dentista en Round Rock, TX | myDental Round Rock","isPartOf":{"@id":"https:\/\/www.mydental.com\/#website"},"primaryImageOfPage":{"@id":"https:\/\/www.mydental.com\/locations\/round-rock\/#primaryimage"},"image":{"@id":"https:\/\/www.mydental.com\/locations\/round-rock\/#primaryimage"},"thumbnailUrl":"https:\/\/www.mydental.com\/wp-content\/uploads\/2019\/05\/dentist-austin-texas-myDental-26.jpg","datePublished":"2019-05-21T16:49:21+00:00","dateModified":"2026-01-18T14:26:50+00:00","description":"Dentista en Round Rock, TX, que ofrece limpiezas, implantes, Invisalign y atenci\u00f3n dental de emergencia. Personal biling\u00fce. Calificaci\u00f3n de 4.7 estrellas. \u00a1Reserve su cita hoy mismo!","breadcrumb":{"@id":"https:\/\/www.mydental.com\/locations\/round-rock\/#breadcrumb"},"inLanguage":"es","potentialAction":[{"@type":"ReadAction","target":["https:\/\/www.mydental.com\/locations\/round-rock\/"]}]},{"@type":"ImageObject","inLanguage":"es","@id":"https:\/\/www.mydental.com\/locations\/round-rock\/#primaryimage","url":"https:\/\/www.mydental.com\/wp-content\/uploads\/2019\/05\/dentist-austin-texas-myDental-26.jpg","contentUrl":"https:\/\/www.mydental.com\/wp-content\/uploads\/2019\/05\/dentist-austin-texas-myDental-26.jpg","width":3200,"height":1800,"caption":"mydental at round rock dentists office"},{"@type":"BreadcrumbList","@id":"https:\/\/www.mydental.com\/locations\/round-rock\/#breadcrumb","itemListElement":[{"@type":"ListItem","position":1,"name":"Home","item":"https:\/\/www.mydental.com\/"},{"@type":"ListItem","position":2,"name":"Locations","item":"https:\/\/www.mydental.com\/locations\/"},{"@type":"ListItem","position":3,"name":"Round Rock"}]},{"@type":"WebSite","@id":"https:\/\/www.mydental.com\/#website","url":"https:\/\/www.mydental.com\/","name":"miDental","description":"","publisher":{"@id":"https:\/\/www.mydental.com\/#organization"},"potentialAction":[{"@type":"SearchAction","target":{"@type":"EntryPoint","urlTemplate":"https:\/\/www.mydental.com\/?s={search_term_string}"},"query-input":{"@type":"PropertyValueSpecification","valueRequired":true,"valueName":"search_term_string"}}],"inLanguage":"es"},{"@type":"Organization","@id":"https:\/\/www.mydental.com\/#organization","name":"miDental","url":"https:\/\/www.mydental.com\/","logo":{"@type":"ImageObject","inLanguage":"es","@id":"https:\/\/www.mydental.com\/#\/schema\/logo\/image\/","url":"https:\/\/www.mydental.com\/wp-content\/uploads\/2024\/05\/cropped-myDental-logo-r.png","contentUrl":"https:\/\/www.mydental.com\/wp-content\/uploads\/2024\/05\/cropped-myDental-logo-r.png","width":762,"height":139,"caption":"myDental"},"image":{"@id":"https:\/\/www.mydental.com\/#\/schema\/logo\/image\/"}}]}},"_links":{"self":[{"href":"https:\/\/www.mydental.com\/es\/wp-json\/wp\/v2\/pages\/745","targetHints":{"allow":["GET"]}}],"collection":[{"href":"https:\/\/www.mydental.com\/es\/wp-json\/wp\/v2\/pages"}],"about":[{"href":"https:\/\/www.mydental.com\/es\/wp-json\/wp\/v2\/types\/page"}],"author":[{"embeddable":true,"href":"https:\/\/www.mydental.com\/es\/wp-json\/wp\/v2\/users\/6"}],"replies":[{"embeddable":true,"href":"https:\/\/www.mydental.com\/es\/wp-json\/wp\/v2\/comments?post=745"}],"version-history":[{"count":5,"href":"https:\/\/www.mydental.com\/es\/wp-json\/wp\/v2\/pages\/745\/revisions"}],"predecessor-version":[{"id":3142,"href":"https:\/\/www.mydental.com\/es\/wp-json\/wp\/v2\/pages\/745\/revisions\/3142"}],"up":[{"embeddable":true,"href":"https:\/\/www.mydental.com\/es\/wp-json\/wp\/v2\/pages\/139"}],"wp:featuredmedia":[{"embeddable":true,"href":"https:\/\/www.mydental.com\/es\/wp-json\/wp\/v2\/media\/757"}],"wp:attachment":[{"href":"https:\/\/www.mydental.com\/es\/wp-json\/wp\/v2\/media?parent=745"}],"curies":[{"name":"wp","href":"https:\/\/api.w.org\/{rel}","templated":true}]}}