{"id":61,"date":"2018-02-21T14:19:44","date_gmt":"2018-02-21T20:19:44","guid":{"rendered":"https:\/\/mydentalatx.wpengine.com\/?page_id=61"},"modified":"2026-01-18T08:27:38","modified_gmt":"2026-01-18T14:27:38","slug":"cresta-tecnologica","status":"publish","type":"page","link":"https:\/\/www.mydental.com\/es\/locations\/tech-ridge\/","title":{"rendered":"Tech Ridge"},"content":{"rendered":"<h3 class=\"wp-block-heading\">Implantes dentales<\/h3>\n\n\n\n<p>La p\u00e9rdida de dientes puede afectar su confianza, su capacidad para comer c\u00f3modamente y su salud bucal a largo plazo. Nuestra cl\u00ednica en Tech Ridge ofrece servicios integrales. <a href=\"\/es\/lugares\/cresta-tecnologica\/implantes-dentales\/\">servicios de implantes dentales<\/a>, Desde implantes dentales individuales hasta soluciones All-on-4 de arcada completa. Dirigido por el Dr. Tarek Abourass, miembro del Congreso Internacional de Implant\u00f3logos Orales (FICOI), nuestro equipo se encarga de cada paso de su tratamiento de implantes aqu\u00ed mismo, en el norte de Austin.<\/p>\n\n\n\n<h3 class=\"wp-block-heading\">Cambio de imagen de la sonrisa<\/h3>\n\n\n\n<p>Tu sonrisa cuenta tu historia, y deber\u00eda ser una que te enorgullezca compartir. Nuestra oficina de Tech Ridge ofrece servicios personalizados. <a href=\"\/es\/lugares\/cresta-tecnologica\/cambio-de-sonrisa\/\">cambio de imagen de la sonrisa<\/a> Planes que combinan tratamientos como carillas, blanqueamiento dental, adhesi\u00f3n dental y contorneado de enc\u00edas para una transformaci\u00f3n completa. Dirigido por el Dr. Tarek Abourass, miembro del Congreso Internacional de Implant\u00f3logos Orales (FICOI) con formaci\u00f3n cosm\u00e9tica avanzada, nuestro equipo dise\u00f1a planes coordinados que ofrecen resultados espectaculares y de aspecto natural.<\/p>\n\n\n\n<h3 class=\"wp-block-heading\">Reconstrucci\u00f3n bucal completa<\/h3>\n\n\n\n<p>Cuando el da\u00f1o, la caries o el desgaste por el paso de los a\u00f1os han comprometido varios dientes, nuestra cl\u00ednica de Tech Ridge ofrece un servicio integral. <a href=\"\/es\/lugares\/cresta-tecnologica\/reconstruccion-de-boca-completa\/\">reconstrucci\u00f3n de boca completa<\/a> Planes que reconstruyen su sonrisa por completo en fases coordinadas. Dirigido por el Dr. Tarek Abourass, miembro del Congreso Internacional de Implant\u00f3logos Orales (FICOI) con formaci\u00f3n avanzada en restauraciones, nuestro equipo combina coronas, puentes, implantes y correcci\u00f3n de la mordida para restaurar la funci\u00f3n oral, la comodidad y la confianza.<\/p>\n\n\n\n<h3 class=\"wp-block-heading\">Cirug\u00eda Oral<\/h3>\n\n\n\n<p>Desde la extracci\u00f3n de muelas del juicio hasta extracciones complejas e injertos \u00f3seos, nuestra oficina de Tech Ridge ofrece servicios expertos. <a href=\"\/es\/lugares\/cresta-tecnologica\/cirugia-oral\/\">cirug\u00eda oral<\/a> Con opciones de sedaci\u00f3n para su comodidad. Dirigido por el Dr. Tarek Abourass, miembro del Congreso Internacional de Implant\u00f3logos Orales (FICOI), nuestro equipo quir\u00fargico realiza los procedimientos con precisi\u00f3n y priorizando al paciente, incluyendo extracciones de emergencia el mismo d\u00eda.<\/p>\n\n\n\n<h3 class=\"wp-block-heading\">Odontolog\u00eda con sedaci\u00f3n<\/h3>\n\n\n\n<p>La ansiedad dental no deber\u00eda impedirle recibir la atenci\u00f3n que necesita. Nuestra cl\u00ednica de Tech Ridge ofrece <a href=\"\/es\/lugares\/cresta-tecnologica\/sedacion\/\">odontolog\u00eda con sedaci\u00f3n<\/a> Ofrecemos opciones como \u00f3xido nitroso y sedaci\u00f3n oral para pacientes de todas las edades. Ya sea que necesite comodidad para una limpieza de rutina o un procedimiento complejo, el Dr. Tarek Abourass y nuestro equipo le garantizan una experiencia relajada y sin estr\u00e9s.<\/p>","protected":false},"excerpt":{"rendered":"<p>Dental Implants Missing teeth can affect your confidence, your ability to eat comfortably, and your long-term oral health. Our Tech Ridge office offers comprehensive dental implant services, from single-tooth implants to full-arch All-on-4 solutions. Led by Dr. Tarek Abourass, a Fellow of the International Congress of Oral Implantologists (FICOI), our team handles every step of [&#8230;]<\/p>\n<p><a class=\"btn btn-secondary understrap-read-more-link\" href=\"https:\/\/www.mydental.com\/es\/locations\/tech-ridge\/\">Read More&#8230;<\/a><\/p>\n","protected":false},"author":6,"featured_media":751,"parent":139,"menu_order":35,"comment_status":"closed","ping_status":"closed","template":"page-templates\/location-single.php","meta":{"_acf_changed":false,"footnotes":""},"class_list":["post-61","page","type-page","status-publish","has-post-thumbnail","hentry","locations-tech-ridge"],"acf":[],"yoast_head":"<!-- This site is optimized with the Yoast SEO plugin v27.5 - https:\/\/yoast.com\/product\/yoast-seo-wordpress\/ -->\n<title>Dentist in North Austin, TX | myDental Tech Ridge<\/title>\n<meta name=\"description\" content=\"North Austin dentist at Tech Ridge offering cleanings, implants, Invisalign &amp; emergency care. Open Saturdays. 4.8-star rated. Book your visit today!\" \/>\n<meta name=\"robots\" content=\"index, follow, max-snippet:-1, max-image-preview:large, max-video-preview:-1\" \/>\n<link rel=\"canonical\" href=\"https:\/\/www.mydental.com\/es\/lugares\/cresta-tecnologica\/\" \/>\n<meta property=\"og:locale\" content=\"es_MX\" \/>\n<meta property=\"og:type\" content=\"article\" \/>\n<meta property=\"og:title\" content=\"Dentist in North Austin, TX | myDental Tech Ridge\" \/>\n<meta property=\"og:description\" content=\"North Austin dentist at Tech Ridge offering cleanings, implants, Invisalign &amp; emergency care. Open Saturdays. 4.8-star rated. Book your visit today!\" \/>\n<meta property=\"og:url\" content=\"https:\/\/www.mydental.com\/es\/lugares\/cresta-tecnologica\/\" \/>\n<meta property=\"og:site_name\" content=\"myDental\" \/>\n<meta property=\"article:modified_time\" content=\"2026-01-18T14:27:38+00:00\" \/>\n<meta property=\"og:image\" content=\"https:\/\/www.mydental.com\/wp-content\/uploads\/2019\/05\/dentist-austin-texas-myDental-20.jpg\" \/>\n\t<meta property=\"og:image:width\" content=\"3200\" \/>\n\t<meta property=\"og:image:height\" content=\"1800\" \/>\n\t<meta property=\"og:image:type\" content=\"image\/jpeg\" \/>\n<meta name=\"twitter:card\" content=\"summary_large_image\" \/>\n<meta name=\"twitter:label1\" content=\"Tiempo de lectura\" \/>\n\t<meta name=\"twitter:data1\" content=\"2 minutos\" \/>\n<script type=\"application\/ld+json\" class=\"yoast-schema-graph\">{\"@context\":\"https:\\\/\\\/schema.org\",\"@graph\":[{\"@type\":\"WebPage\",\"@id\":\"https:\\\/\\\/www.mydental.com\\\/locations\\\/tech-ridge\\\/\",\"url\":\"https:\\\/\\\/www.mydental.com\\\/locations\\\/tech-ridge\\\/\",\"name\":\"Dentist in North Austin, TX | myDental Tech Ridge\",\"isPartOf\":{\"@id\":\"https:\\\/\\\/www.mydental.com\\\/#website\"},\"primaryImageOfPage\":{\"@id\":\"https:\\\/\\\/www.mydental.com\\\/locations\\\/tech-ridge\\\/#primaryimage\"},\"image\":{\"@id\":\"https:\\\/\\\/www.mydental.com\\\/locations\\\/tech-ridge\\\/#primaryimage\"},\"thumbnailUrl\":\"https:\\\/\\\/www.mydental.com\\\/wp-content\\\/uploads\\\/2019\\\/05\\\/dentist-austin-texas-myDental-20.jpg\",\"datePublished\":\"2018-02-21T20:19:44+00:00\",\"dateModified\":\"2026-01-18T14:27:38+00:00\",\"description\":\"North Austin dentist at Tech Ridge offering cleanings, implants, Invisalign & emergency care. Open Saturdays. 4.8-star rated. Book your visit today!\",\"breadcrumb\":{\"@id\":\"https:\\\/\\\/www.mydental.com\\\/locations\\\/tech-ridge\\\/#breadcrumb\"},\"inLanguage\":\"es\",\"potentialAction\":[{\"@type\":\"ReadAction\",\"target\":[\"https:\\\/\\\/www.mydental.com\\\/locations\\\/tech-ridge\\\/\"]}]},{\"@type\":\"ImageObject\",\"inLanguage\":\"es\",\"@id\":\"https:\\\/\\\/www.mydental.com\\\/locations\\\/tech-ridge\\\/#primaryimage\",\"url\":\"https:\\\/\\\/www.mydental.com\\\/wp-content\\\/uploads\\\/2019\\\/05\\\/dentist-austin-texas-myDental-20.jpg\",\"contentUrl\":\"https:\\\/\\\/www.mydental.com\\\/wp-content\\\/uploads\\\/2019\\\/05\\\/dentist-austin-texas-myDental-20.jpg\",\"width\":3200,\"height\":1800,\"caption\":\"Austin, Texas dentists from myDental tech ridge dentist office\"},{\"@type\":\"BreadcrumbList\",\"@id\":\"https:\\\/\\\/www.mydental.com\\\/locations\\\/tech-ridge\\\/#breadcrumb\",\"itemListElement\":[{\"@type\":\"ListItem\",\"position\":1,\"name\":\"Home\",\"item\":\"https:\\\/\\\/www.mydental.com\\\/\"},{\"@type\":\"ListItem\",\"position\":2,\"name\":\"Locations\",\"item\":\"https:\\\/\\\/www.mydental.com\\\/locations\\\/\"},{\"@type\":\"ListItem\",\"position\":3,\"name\":\"Tech Ridge\"}]},{\"@type\":\"WebSite\",\"@id\":\"https:\\\/\\\/www.mydental.com\\\/#website\",\"url\":\"https:\\\/\\\/www.mydental.com\\\/\",\"name\":\"myDental\",\"description\":\"\",\"publisher\":{\"@id\":\"https:\\\/\\\/www.mydental.com\\\/#organization\"},\"potentialAction\":[{\"@type\":\"SearchAction\",\"target\":{\"@type\":\"EntryPoint\",\"urlTemplate\":\"https:\\\/\\\/www.mydental.com\\\/?s={search_term_string}\"},\"query-input\":{\"@type\":\"PropertyValueSpecification\",\"valueRequired\":true,\"valueName\":\"search_term_string\"}}],\"inLanguage\":\"es\"},{\"@type\":\"Organization\",\"@id\":\"https:\\\/\\\/www.mydental.com\\\/#organization\",\"name\":\"myDental\",\"url\":\"https:\\\/\\\/www.mydental.com\\\/\",\"logo\":{\"@type\":\"ImageObject\",\"inLanguage\":\"es\",\"@id\":\"https:\\\/\\\/www.mydental.com\\\/#\\\/schema\\\/logo\\\/image\\\/\",\"url\":\"https:\\\/\\\/www.mydental.com\\\/wp-content\\\/uploads\\\/2024\\\/05\\\/cropped-myDental-logo-r.png\",\"contentUrl\":\"https:\\\/\\\/www.mydental.com\\\/wp-content\\\/uploads\\\/2024\\\/05\\\/cropped-myDental-logo-r.png\",\"width\":762,\"height\":139,\"caption\":\"myDental\"},\"image\":{\"@id\":\"https:\\\/\\\/www.mydental.com\\\/#\\\/schema\\\/logo\\\/image\\\/\"}}]}<\/script>\n<!-- \/ Yoast SEO plugin. -->","yoast_head_json":{"title":"Dentista en el norte de Austin, TX | myDental Tech Ridge","description":"Dentista en Tech Ridge, al norte de Austin, que ofrece limpiezas, implantes, Invisalign y atenci\u00f3n de urgencias. Abierto los s\u00e1bados. Calificaci\u00f3n de 4.8 estrellas. \u00a1Reserve su cita hoy mismo!","robots":{"index":"index","follow":"follow","max-snippet":"max-snippet:-1","max-image-preview":"max-image-preview:large","max-video-preview":"max-video-preview:-1"},"canonical":"https:\/\/www.mydental.com\/es\/lugares\/cresta-tecnologica\/","og_locale":"es_MX","og_type":"article","og_title":"Dentist in North Austin, TX | myDental Tech Ridge","og_description":"North Austin dentist at Tech Ridge offering cleanings, implants, Invisalign & emergency care. Open Saturdays. 4.8-star rated. Book your visit today!","og_url":"https:\/\/www.mydental.com\/es\/lugares\/cresta-tecnologica\/","og_site_name":"myDental","article_modified_time":"2026-01-18T14:27:38+00:00","og_image":[{"width":3200,"height":1800,"url":"https:\/\/www.mydental.com\/wp-content\/uploads\/2019\/05\/dentist-austin-texas-myDental-20.jpg","type":"image\/jpeg"}],"twitter_card":"summary_large_image","twitter_misc":{"Tiempo de lectura":"2 minutos"},"schema":{"@context":"https:\/\/schema.org","@graph":[{"@type":"WebPage","@id":"https:\/\/www.mydental.com\/locations\/tech-ridge\/","url":"https:\/\/www.mydental.com\/locations\/tech-ridge\/","name":"Dentista en el norte de Austin, TX | myDental Tech Ridge","isPartOf":{"@id":"https:\/\/www.mydental.com\/#website"},"primaryImageOfPage":{"@id":"https:\/\/www.mydental.com\/locations\/tech-ridge\/#primaryimage"},"image":{"@id":"https:\/\/www.mydental.com\/locations\/tech-ridge\/#primaryimage"},"thumbnailUrl":"https:\/\/www.mydental.com\/wp-content\/uploads\/2019\/05\/dentist-austin-texas-myDental-20.jpg","datePublished":"2018-02-21T20:19:44+00:00","dateModified":"2026-01-18T14:27:38+00:00","description":"Dentista en Tech Ridge, al norte de Austin, que ofrece limpiezas, implantes, Invisalign y atenci\u00f3n de urgencias. Abierto los s\u00e1bados. Calificaci\u00f3n de 4.8 estrellas. \u00a1Reserve su cita hoy mismo!","breadcrumb":{"@id":"https:\/\/www.mydental.com\/locations\/tech-ridge\/#breadcrumb"},"inLanguage":"es","potentialAction":[{"@type":"ReadAction","target":["https:\/\/www.mydental.com\/locations\/tech-ridge\/"]}]},{"@type":"ImageObject","inLanguage":"es","@id":"https:\/\/www.mydental.com\/locations\/tech-ridge\/#primaryimage","url":"https:\/\/www.mydental.com\/wp-content\/uploads\/2019\/05\/dentist-austin-texas-myDental-20.jpg","contentUrl":"https:\/\/www.mydental.com\/wp-content\/uploads\/2019\/05\/dentist-austin-texas-myDental-20.jpg","width":3200,"height":1800,"caption":"Austin, Texas dentists from myDental tech ridge dentist office"},{"@type":"BreadcrumbList","@id":"https:\/\/www.mydental.com\/locations\/tech-ridge\/#breadcrumb","itemListElement":[{"@type":"ListItem","position":1,"name":"Home","item":"https:\/\/www.mydental.com\/"},{"@type":"ListItem","position":2,"name":"Locations","item":"https:\/\/www.mydental.com\/locations\/"},{"@type":"ListItem","position":3,"name":"Tech Ridge"}]},{"@type":"WebSite","@id":"https:\/\/www.mydental.com\/#website","url":"https:\/\/www.mydental.com\/","name":"miDental","description":"","publisher":{"@id":"https:\/\/www.mydental.com\/#organization"},"potentialAction":[{"@type":"SearchAction","target":{"@type":"EntryPoint","urlTemplate":"https:\/\/www.mydental.com\/?s={search_term_string}"},"query-input":{"@type":"PropertyValueSpecification","valueRequired":true,"valueName":"search_term_string"}}],"inLanguage":"es"},{"@type":"Organization","@id":"https:\/\/www.mydental.com\/#organization","name":"miDental","url":"https:\/\/www.mydental.com\/","logo":{"@type":"ImageObject","inLanguage":"es","@id":"https:\/\/www.mydental.com\/#\/schema\/logo\/image\/","url":"https:\/\/www.mydental.com\/wp-content\/uploads\/2024\/05\/cropped-myDental-logo-r.png","contentUrl":"https:\/\/www.mydental.com\/wp-content\/uploads\/2024\/05\/cropped-myDental-logo-r.png","width":762,"height":139,"caption":"myDental"},"image":{"@id":"https:\/\/www.mydental.com\/#\/schema\/logo\/image\/"}}]}},"_links":{"self":[{"href":"https:\/\/www.mydental.com\/es\/wp-json\/wp\/v2\/pages\/61","targetHints":{"allow":["GET"]}}],"collection":[{"href":"https:\/\/www.mydental.com\/es\/wp-json\/wp\/v2\/pages"}],"about":[{"href":"https:\/\/www.mydental.com\/es\/wp-json\/wp\/v2\/types\/page"}],"author":[{"embeddable":true,"href":"https:\/\/www.mydental.com\/es\/wp-json\/wp\/v2\/users\/6"}],"replies":[{"embeddable":true,"href":"https:\/\/www.mydental.com\/es\/wp-json\/wp\/v2\/comments?post=61"}],"version-history":[{"count":5,"href":"https:\/\/www.mydental.com\/es\/wp-json\/wp\/v2\/pages\/61\/revisions"}],"predecessor-version":[{"id":3143,"href":"https:\/\/www.mydental.com\/es\/wp-json\/wp\/v2\/pages\/61\/revisions\/3143"}],"up":[{"embeddable":true,"href":"https:\/\/www.mydental.com\/es\/wp-json\/wp\/v2\/pages\/139"}],"wp:featuredmedia":[{"embeddable":true,"href":"https:\/\/www.mydental.com\/es\/wp-json\/wp\/v2\/media\/751"}],"wp:attachment":[{"href":"https:\/\/www.mydental.com\/es\/wp-json\/wp\/v2\/media?parent=61"}],"curies":[{"name":"wp","href":"https:\/\/api.w.org\/{rel}","templated":true}]}}