{"id":60,"date":"2018-02-21T14:19:30","date_gmt":"2018-02-21T20:19:30","guid":{"rendered":"https:\/\/mydentalatx.wpengine.com\/?page_id=60"},"modified":"2026-03-03T10:21:08","modified_gmt":"2026-03-03T16:21:08","slug":"parque-norwood","status":"publish","type":"page","link":"https:\/\/www.mydental.com\/es\/locations\/norwood-park\/","title":{"rendered":"Parque Norwood"},"content":{"rendered":"<p><\/p>\n\n\n\n<p class=\"h2 custom-h2\">Aceptamos seguros<\/p>\n\n\n\n<p>myDental en Norwood Park acepta planes de seguro de <a href=\"https:\/\/www.mydental.com\/es\/seguro\/aetna\/\">Aetna<\/a>, <a href=\"https:\/\/www.mydental.com\/es\/seguro\/americas\/\">Ameritas<\/a>, <a href=\"https:\/\/www.mydental.com\/es\/seguro\/asegurador\/\">Asegurador<\/a>, <a href=\"https:\/\/www.mydental.com\/es\/seguro\/cruz-azul-escudo-azul\/\">Cruz Azul Escudo Azul<\/a>, <a href=\"https:\/\/www.mydental.com\/es\/seguro\/cigna\/\">Cigna<\/a>, <a href=\"https:\/\/www.mydental.com\/es\/seguro\/delta-dental\/\">Delta Dental<\/a>, <a href=\"https:\/\/www.mydental.com\/es\/seguro\/seleccion-dental\/\">Selecci\u00f3n dental<\/a>, <a href=\"https:\/\/www.mydental.com\/es\/seguro\/dentaquest\/\">DentaQuest<\/a>, <a href=\"https:\/\/www.mydental.com\/es\/seguro\/fcl-dental\/\">FCL Dental<\/a>, <a href=\"https:\/\/www.mydental.com\/es\/seguro\/guardian\/\">Guardi\u00e1n<\/a>, <a href=\"https:\/\/www.mydental.com\/es\/seguro\/humana\/\">Humana<\/a>, <a href=\"https:\/\/www.mydental.com\/es\/seguro\/lincoln-financial\/\">Lincoln Financial<\/a>, <a href=\"https:\/\/www.mydental.com\/es\/seguro\/mcna\/\">MCNA<\/a>, <a href=\"https:\/\/www.mydental.com\/es\/seguro\/metlife\/\">MetLife<\/a>, <a href=\"https:\/\/www.mydental.com\/es\/seguro\/mutual-de-omaha\/\">Mutual de Omaha<\/a>, <a href=\"https:\/\/www.mydental.com\/es\/seguro\/principal\/\">Principal<\/a>, <a href=\"https:\/\/www.mydental.com\/es\/seguro\/tmhp\/\">TMHP<\/a>, <a href=\"https:\/\/www.mydental.com\/es\/seguro\/tricare\/\">Tricare<\/a>, <a href=\"https:\/\/www.mydental.com\/es\/seguro\/unicare\/\">UniCare<\/a>, <a href=\"https:\/\/www.mydental.com\/es\/seguro\/concordia-unida\/\">Concordia Unida<\/a>, y <a href=\"https:\/\/www.mydental.com\/es\/seguro\/unitedhealthcare\/\">UnitedHealthcare<\/a>.<\/p>\n\n\n\n<p class=\"h2 custom-h2\">myDental en Norwood Park: Servicios dentales<\/p>\n\n\n\n<p>En myDental Norwood Park, nuestro dedicado equipo dental est\u00e1 comprometido a brindar una atenci\u00f3n excepcional en un ambiente c\u00e1lido y acogedor. Aqu\u00ed est\u00e1n los <a href=\"https:\/\/www.mydental.com\/es\/servicios\/\">Servicios prestados por nuestros dentistas cualificados.<\/a> en la ubicaci\u00f3n de Norwood Park<\/p>\n\n\n\n<p class=\"h3 custom-h3\">Odontolog\u00eda cosm\u00e9tica<\/p>\n\n\n\n<p>Cuando desee realzar la apariencia de su sonrisa, nuestra <a href=\"https:\/\/www.mydental.com\/es\/servicios\/odontologia-cosmetica\/\">servicios de odontolog\u00eda cosm\u00e9tica<\/a> Estamos aqu\u00ed para ayudarte. Ofrecemos diversas opciones, como blanqueamiento dental, carillas, reconstrucci\u00f3n dental y m\u00e1s. Adem\u00e1s, ofrecemos Invisalign como alternativa a los brackets tradicionales, con un plan de tratamiento personalizado que se adapta a tus necesidades espec\u00edficas.<\/p>\n\n\n\n<p class=\"h3 custom-h3\">Odontolog\u00eda de emergencia<\/p>\n\n\n\n<p>Entendemos que las emergencias dentales pueden ocurrir inesperadamente. Por lo tanto, ofrecemos atenci\u00f3n el mismo d\u00eda. <a href=\"\/es\/lugares\/parque-norwood\/urgencias-dentales\/\">atenci\u00f3n dental de emergencia<\/a> Para atender necesidades dentales urgentes. Si experimenta dolor dental intenso, se le ha ca\u00eddo un diente o tiene cualquier otra emergencia dental, comun\u00edquese con nuestra cl\u00ednica. Nuestro equipo priorizar\u00e1 su caso y trabajar\u00e1 diligentemente para programarle una cita lo antes posible.<\/p>\n\n\n\n<p class=\"h3 custom-h3\">Odontolog\u00eda preventiva<\/p>\n\n\n\n<p>Enfatizando <a href=\"https:\/\/www.mydental.com\/es\/servicios\/odontologia-preventiva\/\">odontolog\u00eda preventiva<\/a>, Creemos en la importancia de mantener una buena salud bucal. Nuestros servicios dentales en Norwood Park incluyen limpiezas profundas, ex\u00e1menes completos y radiograf\u00edas. Le brindaremos recomendaciones personalizadas para mejorar su rutina de cuidado dental y prevenir futuros problemas de salud bucal.<\/p>\n\n\n\n<p class=\"h3 custom-h3\">Odontolog\u00eda restauradora<\/p>\n\n\n\n<p>Para aquellos con dientes da\u00f1ados o faltantes, nuestro <a href=\"https:\/\/www.mydental.com\/es\/servicios\/odontologia-restauradora\/\">servicios de restauraci\u00f3n<\/a> Nuestros tratamientos est\u00e1n dise\u00f1ados para ayudarte a conseguir la sonrisa que siempre has deseado. Nuestra gama de tratamientos restaurativos incluye coronas, puentes e implantes, adaptados a tus necesidades espec\u00edficas para restaurar la funci\u00f3n y la est\u00e9tica de tus dientes.<\/p>\n\n\n\n<p class=\"h3 custom-h3\">Odontolog\u00eda pedi\u00e1trica<\/p>\n\n\n\n<p>Entendemos las necesidades dentales \u00fanicas de los ni\u00f1os, por eso ofrecemos servicios especializados. <a href=\"\/es\/lugares\/parque-norwood\/odontopediatria\/\">servicios de odontolog\u00eda pedi\u00e1trica<\/a>. Nuestro equipo, amable y comprensivo, se dedica a brindar una experiencia dental positiva a ni\u00f1os de todas las edades.<\/p>\n\n\n\n<p>Ofrecemos limpiezas rutinarias, ex\u00e1menes completos y atenci\u00f3n preventiva, guiando a los ni\u00f1os hacia el desarrollo de excelentes h\u00e1bitos de salud bucal que les durar\u00e1n toda la vida.<\/p>\n\n\n\n<p class=\"h3 custom-h3\">Implantes dentales<\/p>\n\n\n\n<p>La p\u00e9rdida de dientes puede afectar su confianza, su capacidad para comer c\u00f3modamente y su salud bucal a largo plazo. Nuestra cl\u00ednica en Norwood Park ofrece servicios integrales. <a href=\"\/es\/lugares\/parque-norwood\/implantes-dentales\/\">servicios de implantes dentales<\/a>, Desde implantes de un solo diente hasta soluciones All-on-4 de arcada completa. Dirigido por el Dr. Yookyung Lee, nuestro experimentado equipo se encarga de cada paso de su tratamiento de implantes aqu\u00ed mismo, en el norte de Austin.<\/p>\n\n\n\n<style>\n.custom-h2{\nborder-bottom: 3px solid #08456b;\n    padding-bottom: 0.75rem;\n    margin-bottom: 2rem;\nfont-family: Roboto,Helvetica,Arial,sans-serif;\n    font-weight: 500;\n    color: #08456b;\n    display: inline-block;\n}\n.custom-h3{\nborder-bottom: 2px solid #08456b;\n    padding-bottom: 0.5rem;\n    margin-bottom: 1rem;\n    font-family: Roboto,Helvetica,Arial,sans-serif;\n    font-weight: 500;\n    color: #08456b;\n    display: inline-block;\n}\n<\/style>","protected":false},"excerpt":{"rendered":"<p>We Accept Insurance myDental at Norwood Park accepts insurance plans from Aetna, Ameritas, Assurant, Blue Cross Blue Shield, Cigna, Delta Dental, Dental Select, DentaQuest, FCL Dental, Guardian, Humana, Lincoln Financial, MCNA, MetLife, Mutual of Omaha, Principal, TMHP, Tricare, UniCare, United Concordia, and UnitedHealthcare. myDental in Norwood Park: Dental Services At myDental Norwood Park, our dedicated [&#8230;]<\/p>\n<p><a class=\"btn btn-secondary understrap-read-more-link\" href=\"https:\/\/www.mydental.com\/es\/locations\/norwood-park\/\">Read More&#8230;<\/a><\/p>\n","protected":false},"author":6,"featured_media":750,"parent":139,"menu_order":20,"comment_status":"closed","ping_status":"closed","template":"page-templates\/location-single.php","meta":{"_acf_changed":false,"footnotes":""},"class_list":["post-60","page","type-page","status-publish","has-post-thumbnail","hentry","locations-norwood-park"],"acf":[],"yoast_head":"<!-- This site is optimized with the Yoast SEO plugin v27.5 - https:\/\/yoast.com\/product\/yoast-seo-wordpress\/ -->\n<title>Dentist in Austin, TX | myDental Norwood Park<\/title>\n<meta name=\"description\" content=\"Austin dentist at Norwood Park offering cleanings, implants, Invisalign &amp; emergency care. Open Saturdays. 4.9-star rated. Book your visit today!\" \/>\n<meta name=\"robots\" content=\"index, follow, max-snippet:-1, max-image-preview:large, max-video-preview:-1\" \/>\n<link rel=\"canonical\" href=\"https:\/\/www.mydental.com\/es\/lugares\/parque-norwood\/\" \/>\n<meta property=\"og:locale\" content=\"es_MX\" \/>\n<meta property=\"og:type\" content=\"article\" \/>\n<meta property=\"og:title\" content=\"Dentist in Austin, TX | myDental Norwood Park\" \/>\n<meta property=\"og:description\" content=\"Austin dentist at Norwood Park offering cleanings, implants, Invisalign &amp; emergency care. Open Saturdays. 4.9-star rated. Book your visit today!\" \/>\n<meta property=\"og:url\" content=\"https:\/\/www.mydental.com\/es\/lugares\/parque-norwood\/\" \/>\n<meta property=\"og:site_name\" content=\"myDental\" \/>\n<meta property=\"article:modified_time\" content=\"2026-03-03T16:21:08+00:00\" \/>\n<meta property=\"og:image\" content=\"https:\/\/www.mydental.com\/wp-content\/uploads\/2019\/05\/dentist-austin-texas-myDental-19.jpg\" \/>\n\t<meta property=\"og:image:width\" content=\"3200\" \/>\n\t<meta property=\"og:image:height\" content=\"1800\" \/>\n\t<meta property=\"og:image:type\" content=\"image\/jpeg\" \/>\n<meta name=\"twitter:card\" content=\"summary_large_image\" \/>\n<meta name=\"twitter:label1\" content=\"Tiempo de lectura\" \/>\n\t<meta name=\"twitter:data1\" content=\"2 minutos\" \/>\n<script type=\"application\/ld+json\" class=\"yoast-schema-graph\">{\"@context\":\"https:\\\/\\\/schema.org\",\"@graph\":[{\"@type\":\"WebPage\",\"@id\":\"https:\\\/\\\/www.mydental.com\\\/locations\\\/norwood-park\\\/\",\"url\":\"https:\\\/\\\/www.mydental.com\\\/locations\\\/norwood-park\\\/\",\"name\":\"Dentist in Austin, TX | myDental Norwood Park\",\"isPartOf\":{\"@id\":\"https:\\\/\\\/www.mydental.com\\\/#website\"},\"primaryImageOfPage\":{\"@id\":\"https:\\\/\\\/www.mydental.com\\\/locations\\\/norwood-park\\\/#primaryimage\"},\"image\":{\"@id\":\"https:\\\/\\\/www.mydental.com\\\/locations\\\/norwood-park\\\/#primaryimage\"},\"thumbnailUrl\":\"https:\\\/\\\/www.mydental.com\\\/wp-content\\\/uploads\\\/2019\\\/05\\\/dentist-austin-texas-myDental-19.jpg\",\"datePublished\":\"2018-02-21T20:19:30+00:00\",\"dateModified\":\"2026-03-03T16:21:08+00:00\",\"description\":\"Austin dentist at Norwood Park offering cleanings, implants, Invisalign & emergency care. Open Saturdays. 4.9-star rated. Book your visit today!\",\"breadcrumb\":{\"@id\":\"https:\\\/\\\/www.mydental.com\\\/locations\\\/norwood-park\\\/#breadcrumb\"},\"inLanguage\":\"es\",\"potentialAction\":[{\"@type\":\"ReadAction\",\"target\":[\"https:\\\/\\\/www.mydental.com\\\/locations\\\/norwood-park\\\/\"]}]},{\"@type\":\"ImageObject\",\"inLanguage\":\"es\",\"@id\":\"https:\\\/\\\/www.mydental.com\\\/locations\\\/norwood-park\\\/#primaryimage\",\"url\":\"https:\\\/\\\/www.mydental.com\\\/wp-content\\\/uploads\\\/2019\\\/05\\\/dentist-austin-texas-myDental-19.jpg\",\"contentUrl\":\"https:\\\/\\\/www.mydental.com\\\/wp-content\\\/uploads\\\/2019\\\/05\\\/dentist-austin-texas-myDental-19.jpg\",\"width\":3200,\"height\":1800,\"caption\":\"A young girl, with a bright smile, surrounded by her mother and grandmother, all sharing a big smile\"},{\"@type\":\"BreadcrumbList\",\"@id\":\"https:\\\/\\\/www.mydental.com\\\/locations\\\/norwood-park\\\/#breadcrumb\",\"itemListElement\":[{\"@type\":\"ListItem\",\"position\":1,\"name\":\"Home\",\"item\":\"https:\\\/\\\/www.mydental.com\\\/\"},{\"@type\":\"ListItem\",\"position\":2,\"name\":\"Locations\",\"item\":\"https:\\\/\\\/www.mydental.com\\\/locations\\\/\"},{\"@type\":\"ListItem\",\"position\":3,\"name\":\"Norwood Park\"}]},{\"@type\":\"WebSite\",\"@id\":\"https:\\\/\\\/www.mydental.com\\\/#website\",\"url\":\"https:\\\/\\\/www.mydental.com\\\/\",\"name\":\"myDental\",\"description\":\"\",\"publisher\":{\"@id\":\"https:\\\/\\\/www.mydental.com\\\/#organization\"},\"potentialAction\":[{\"@type\":\"SearchAction\",\"target\":{\"@type\":\"EntryPoint\",\"urlTemplate\":\"https:\\\/\\\/www.mydental.com\\\/?s={search_term_string}\"},\"query-input\":{\"@type\":\"PropertyValueSpecification\",\"valueRequired\":true,\"valueName\":\"search_term_string\"}}],\"inLanguage\":\"es\"},{\"@type\":\"Organization\",\"@id\":\"https:\\\/\\\/www.mydental.com\\\/#organization\",\"name\":\"myDental\",\"url\":\"https:\\\/\\\/www.mydental.com\\\/\",\"logo\":{\"@type\":\"ImageObject\",\"inLanguage\":\"es\",\"@id\":\"https:\\\/\\\/www.mydental.com\\\/#\\\/schema\\\/logo\\\/image\\\/\",\"url\":\"https:\\\/\\\/www.mydental.com\\\/wp-content\\\/uploads\\\/2024\\\/05\\\/cropped-myDental-logo-r.png\",\"contentUrl\":\"https:\\\/\\\/www.mydental.com\\\/wp-content\\\/uploads\\\/2024\\\/05\\\/cropped-myDental-logo-r.png\",\"width\":762,\"height\":139,\"caption\":\"myDental\"},\"image\":{\"@id\":\"https:\\\/\\\/www.mydental.com\\\/#\\\/schema\\\/logo\\\/image\\\/\"}}]}<\/script>\n<!-- \/ Yoast SEO plugin. -->","yoast_head_json":{"title":"Dentista en Austin, TX | myDental Norwood Park","description":"Dentista en Austin en Norwood Park que ofrece limpiezas, implantes, Invisalign y atenci\u00f3n de urgencias. Abierto los s\u00e1bados. Calificaci\u00f3n de 4.9 estrellas. \u00a1Reserve su visita hoy mismo!","robots":{"index":"index","follow":"follow","max-snippet":"max-snippet:-1","max-image-preview":"max-image-preview:large","max-video-preview":"max-video-preview:-1"},"canonical":"https:\/\/www.mydental.com\/es\/lugares\/parque-norwood\/","og_locale":"es_MX","og_type":"article","og_title":"Dentist in Austin, TX | myDental Norwood Park","og_description":"Austin dentist at Norwood Park offering cleanings, implants, Invisalign & emergency care. Open Saturdays. 4.9-star rated. Book your visit today!","og_url":"https:\/\/www.mydental.com\/es\/lugares\/parque-norwood\/","og_site_name":"myDental","article_modified_time":"2026-03-03T16:21:08+00:00","og_image":[{"width":3200,"height":1800,"url":"https:\/\/www.mydental.com\/wp-content\/uploads\/2019\/05\/dentist-austin-texas-myDental-19.jpg","type":"image\/jpeg"}],"twitter_card":"summary_large_image","twitter_misc":{"Tiempo de lectura":"2 minutos"},"schema":{"@context":"https:\/\/schema.org","@graph":[{"@type":"WebPage","@id":"https:\/\/www.mydental.com\/locations\/norwood-park\/","url":"https:\/\/www.mydental.com\/locations\/norwood-park\/","name":"Dentista en Austin, TX | myDental Norwood Park","isPartOf":{"@id":"https:\/\/www.mydental.com\/#website"},"primaryImageOfPage":{"@id":"https:\/\/www.mydental.com\/locations\/norwood-park\/#primaryimage"},"image":{"@id":"https:\/\/www.mydental.com\/locations\/norwood-park\/#primaryimage"},"thumbnailUrl":"https:\/\/www.mydental.com\/wp-content\/uploads\/2019\/05\/dentist-austin-texas-myDental-19.jpg","datePublished":"2018-02-21T20:19:30+00:00","dateModified":"2026-03-03T16:21:08+00:00","description":"Dentista en Austin en Norwood Park que ofrece limpiezas, implantes, Invisalign y atenci\u00f3n de urgencias. Abierto los s\u00e1bados. Calificaci\u00f3n de 4.9 estrellas. \u00a1Reserve su visita hoy mismo!","breadcrumb":{"@id":"https:\/\/www.mydental.com\/locations\/norwood-park\/#breadcrumb"},"inLanguage":"es","potentialAction":[{"@type":"ReadAction","target":["https:\/\/www.mydental.com\/locations\/norwood-park\/"]}]},{"@type":"ImageObject","inLanguage":"es","@id":"https:\/\/www.mydental.com\/locations\/norwood-park\/#primaryimage","url":"https:\/\/www.mydental.com\/wp-content\/uploads\/2019\/05\/dentist-austin-texas-myDental-19.jpg","contentUrl":"https:\/\/www.mydental.com\/wp-content\/uploads\/2019\/05\/dentist-austin-texas-myDental-19.jpg","width":3200,"height":1800,"caption":"A young girl, with a bright smile, surrounded by her mother and grandmother, all sharing a big smile"},{"@type":"BreadcrumbList","@id":"https:\/\/www.mydental.com\/locations\/norwood-park\/#breadcrumb","itemListElement":[{"@type":"ListItem","position":1,"name":"Home","item":"https:\/\/www.mydental.com\/"},{"@type":"ListItem","position":2,"name":"Locations","item":"https:\/\/www.mydental.com\/locations\/"},{"@type":"ListItem","position":3,"name":"Norwood Park"}]},{"@type":"WebSite","@id":"https:\/\/www.mydental.com\/#website","url":"https:\/\/www.mydental.com\/","name":"miDental","description":"","publisher":{"@id":"https:\/\/www.mydental.com\/#organization"},"potentialAction":[{"@type":"SearchAction","target":{"@type":"EntryPoint","urlTemplate":"https:\/\/www.mydental.com\/?s={search_term_string}"},"query-input":{"@type":"PropertyValueSpecification","valueRequired":true,"valueName":"search_term_string"}}],"inLanguage":"es"},{"@type":"Organization","@id":"https:\/\/www.mydental.com\/#organization","name":"miDental","url":"https:\/\/www.mydental.com\/","logo":{"@type":"ImageObject","inLanguage":"es","@id":"https:\/\/www.mydental.com\/#\/schema\/logo\/image\/","url":"https:\/\/www.mydental.com\/wp-content\/uploads\/2024\/05\/cropped-myDental-logo-r.png","contentUrl":"https:\/\/www.mydental.com\/wp-content\/uploads\/2024\/05\/cropped-myDental-logo-r.png","width":762,"height":139,"caption":"myDental"},"image":{"@id":"https:\/\/www.mydental.com\/#\/schema\/logo\/image\/"}}]}},"_links":{"self":[{"href":"https:\/\/www.mydental.com\/es\/wp-json\/wp\/v2\/pages\/60","targetHints":{"allow":["GET"]}}],"collection":[{"href":"https:\/\/www.mydental.com\/es\/wp-json\/wp\/v2\/pages"}],"about":[{"href":"https:\/\/www.mydental.com\/es\/wp-json\/wp\/v2\/types\/page"}],"author":[{"embeddable":true,"href":"https:\/\/www.mydental.com\/es\/wp-json\/wp\/v2\/users\/6"}],"replies":[{"embeddable":true,"href":"https:\/\/www.mydental.com\/es\/wp-json\/wp\/v2\/comments?post=60"}],"version-history":[{"count":5,"href":"https:\/\/www.mydental.com\/es\/wp-json\/wp\/v2\/pages\/60\/revisions"}],"predecessor-version":[{"id":3141,"href":"https:\/\/www.mydental.com\/es\/wp-json\/wp\/v2\/pages\/60\/revisions\/3141"}],"up":[{"embeddable":true,"href":"https:\/\/www.mydental.com\/es\/wp-json\/wp\/v2\/pages\/139"}],"wp:featuredmedia":[{"embeddable":true,"href":"https:\/\/www.mydental.com\/es\/wp-json\/wp\/v2\/media\/750"}],"wp:attachment":[{"href":"https:\/\/www.mydental.com\/es\/wp-json\/wp\/v2\/media?parent=60"}],"curies":[{"name":"wp","href":"https:\/\/api.w.org\/{rel}","templated":true}]}}