{"id":192,"date":"2018-02-22T11:54:36","date_gmt":"2018-02-22T17:54:36","guid":{"rendered":"https:\/\/mydentalatx.wpengine.com\/?page_id=192"},"modified":"2026-02-13T10:01:30","modified_gmt":"2026-02-13T16:01:30","slug":"politica-de-privacidad","status":"publish","type":"page","link":"https:\/\/www.mydental.com\/es\/privacy-policy\/","title":{"rendered":"pol\u00edtica de privacidad"},"content":{"rendered":"<h2>pol\u00edtica de privacidad<\/h2>\n<p>\n  Valoramos su privacidad. Esta Pol\u00edtica de Privacidad describe c\u00f3mo recopilamos, usamos, divulgamos y protegemos su informaci\u00f3n cuando interact\u00faa con nuestro sitio web.,<br \/>\n  Cont\u00e1ctanos o utiliza nuestros servicios.\n<\/p>\n<h3>Informaci\u00f3n que recopilamos<\/h3>\n<p>Podemos recopilar las siguientes categor\u00edas de informaci\u00f3n:<\/p>\n<ul>\n<li><strong>Informaci\u00f3n del contacto<\/strong> (como nombre, n\u00famero de tel\u00e9fono, direcci\u00f3n de correo electr\u00f3nico, direcci\u00f3n postal)<\/li>\n<li><strong>Informaci\u00f3n sobre citas y servicios<\/strong> (como detalles de programaci\u00f3n y preferencias de comunicaci\u00f3n)<\/li>\n<li><strong>Informaci\u00f3n de pago<\/strong> (como detalles de facturaci\u00f3n necesarios para procesar transacciones)<\/li>\n<li><strong>Informaci\u00f3n de uso del sitio web<\/strong> (como p\u00e1ginas visitadas, detalles del dispositivo\/navegador y ubicaci\u00f3n aproximada derivada de la direcci\u00f3n IP)<\/li>\n<li><strong>Cualquier informaci\u00f3n que usted elija proporcionar<\/strong> en formularios, mensajes o llamadas<\/li>\n<\/ul>\n<p>\n  Si somos una entidad cubierta por la HIPAA, cierta informaci\u00f3n tambi\u00e9n puede ser informaci\u00f3n m\u00e9dica protegida (PHI). Nuestro manejo de la PHI se describe en nuestra<br \/>\n  Aviso de pr\u00e1cticas de privacidad por separado (si corresponde).\n<\/p>\n<h3>C\u00f3mo usamos la informaci\u00f3n<\/h3>\n<p>Podemos utilizar la informaci\u00f3n que recopilamos para:<\/p>\n<ul>\n<li><strong>Proporcionar servicios<\/strong> (incluida la programaci\u00f3n de citas, confirmaciones, recordatorios y respuesta a consultas)<\/li>\n<li><strong>Facturaci\u00f3n y pagos<\/strong> (para procesar transacciones y administrar cuentas)<\/li>\n<li><strong>Comunicaciones<\/strong> (para enviar mensajes de servicio y, si usted opta por ello, mensajes de marketing o promocionales)<\/li>\n<li><strong>Mejorar nuestro sitio web y nuestros servicios<\/strong> (an\u00e1lisis, resoluci\u00f3n de problemas y mejora de la calidad)<\/li>\n<li><strong>Seguridad y prevenci\u00f3n del fraude<\/strong><\/li>\n<li><strong>Cumplimiento legal<\/strong><\/li>\n<\/ul>\n<h3>Opt-In y Opt-Out<\/h3>\n<ul>\n<li>\n    <strong>Suscripci\u00f3n:<\/strong> Es posible que se le solicite que acepte recibir ciertas comunicaciones (incluidos SMS). Puede elegir si da su consentimiento al momento de proporcionar su<br \/>\n    Informaci\u00f3n del contacto.\n  <\/li>\n<li>\n    <strong>Exclusi\u00f3n voluntaria:<\/strong> Si opta por participar, puede cancelar su suscripci\u00f3n en cualquier momento siguiendo las instrucciones en los mensajes que reciba o comunic\u00e1ndose con nosotros.<br \/>\n    Respondiendo <strong>DETENER<\/strong> Si env\u00eda un mensaje SMS, cancelar\u00e1 su suscripci\u00f3n a los mensajes SMS.\n  <\/li>\n<\/ul>\n<h3>Divulgaci\u00f3n de informaci\u00f3n<\/h3>\n<p>Podemos compartir informaci\u00f3n de la siguiente manera:<\/p>\n<ul>\n<li>\n    <strong>Proveedores de servicios:<\/strong> Con proveedores que nos ayudan a operar nuestro negocio (por ejemplo, alojamiento de sitios web, sistemas de programaci\u00f3n, procesadores de pagos,<br \/>\n    Plataformas de mensajer\u00eda, atenci\u00f3n al cliente). Estos proveedores solo pueden usar la informaci\u00f3n para prestarnos servicios.\n  <\/li>\n<li><strong>Cumplimiento legal:<\/strong> Cuando lo requiera la ley, una citaci\u00f3n, una orden judicial o para proteger derechos, seguridad y protecci\u00f3n.<\/li>\n<li><strong>Transferencias de Negocios:<\/strong> En relaci\u00f3n con una fusi\u00f3n, adquisici\u00f3n, financiaci\u00f3n o venta de activos.<\/li>\n<\/ul>\n<h3>Seguridad de datos<\/h3>\n<p>\n  Implementamos medidas de seguridad administrativas, t\u00e9cnicas y f\u00edsicas razonables dise\u00f1adas para proteger la informaci\u00f3n. Sin embargo, ning\u00fan m\u00e9todo de transmisi\u00f3n o almacenamiento...<br \/>\n  \u00bf100% es seguro?.\n<\/p>\n<h3>Sus derechos<\/h3>\n<p>Dependiendo de su ubicaci\u00f3n y la legislaci\u00f3n aplicable, usted puede tener derechos como:<\/p>\n<ul>\n<li><strong>Acceso y correcci\u00f3n:<\/strong> Solicitar acceso a la informaci\u00f3n que mantenemos sobre usted y solicitar correcciones.<\/li>\n<li><strong>Supresi\u00f3n:<\/strong> Solicitar la eliminaci\u00f3n de informaci\u00f3n en determinadas circunstancias.<\/li>\n<li><strong>Restricci\u00f3n\/Objeci\u00f3n:<\/strong> Solicitar restricciones sobre determinado procesamiento cuando corresponda.<\/li>\n<li><strong>Portabilidad:<\/strong> Solicite una copia de su informaci\u00f3n en formato port\u00e1til cuando corresponda.<\/li>\n<\/ul>\n<p><strong>NO VENDEMOS SU INFORMACI\u00d3N PERSONAL NI COMPARTIMOS SU INFORMACI\u00d3N PERSONAL PARA PUBLICIDAD CONDUCTUAL TRANSCONTEXTUAL.<\/strong><\/p>\n<hr \/>\n<h2>T\u00e9rminos y privacidad de SMS<\/h2>\n<p>\n  Podemos ofrecer comunicaciones por SMS (mensajes de texto) para recordatorios de citas, actualizaciones de servicios y, si usted opta por ello, mensajes promocionales.<br \/>\n  Al optar por nuestro programa de SMS, usted acepta los t\u00e9rminos que se describen a continuaci\u00f3n.\n<\/p>\n<h3>Informaci\u00f3n que recopilamos para SMS<\/h3>\n<ul>\n<li><strong>N\u00famero de tel\u00e9fono<\/strong> (para enviar mensajes SMS)<\/li>\n<li><strong>Nombre<\/strong> (para personalizar las comunicaciones)<\/li>\n<li><strong>Preferencias<\/strong> (para adaptar los mensajes que usted solicit\u00f3 recibir)<\/li>\n<li><strong>Datos de interacci\u00f3n<\/strong> (como el estado de entrega y los clics en enlaces cuando corresponda)<\/li>\n<\/ul>\n<h3>C\u00f3mo utilizamos la informaci\u00f3n de SMS<\/h3>\n<ul>\n<li>Env\u00ede recordatorios de citas, mensajes de servicio y actualizaciones<\/li>\n<li>Env\u00ede mensajes promocionales si ha optado por recibir mensajes de texto de marketing.<\/li>\n<li>Brindar soporte al cliente y responder a las solicitudes.<\/li>\n<li>Analizar y mejorar nuestras comunicaciones<\/li>\n<\/ul>\n<h3>Tus opciones (SMS)<\/h3>\n<ul>\n<li><strong>Exclusi\u00f3n voluntaria:<\/strong> Responder <strong>DETENER<\/strong> para cancelar la suscripci\u00f3n a los mensajes SMS en cualquier momento.<\/li>\n<li><strong>Ayuda:<\/strong> Responder <strong>AYUDA<\/strong> Para obtener ayuda o comun\u00edquese con nuestra oficina utilizando la informaci\u00f3n de este sitio web.<\/li>\n<li><strong>Frecuencia de mensajes:<\/strong> La frecuencia de los mensajes var\u00eda.<\/li>\n<li><strong>Tarifas:<\/strong> Pueden aplicarse tarifas por mensajes y datos.<\/li>\n<\/ul>\n<p>\n  <strong>Consentir:<\/strong> Su consentimiento para recibir mensajes de texto no es una condici\u00f3n para comprar bienes o servicios.\n<\/p>\n<h3>Compartir por SMS<\/h3>\n<p>\n  Podemos compartir su informaci\u00f3n con proveedores de servicios que ayudan a entregar mensajes SMS (por ejemplo, plataformas de mensajer\u00eda y proveedores de telecomunicaciones),<br \/>\n  y para el cumplimiento legal como se describe anteriormente.\n<\/p>\n<h3>Cambios a esta Pol\u00edtica de Privacidad<\/h3>\n<p>\n  Es posible que actualicemos esta Pol\u00edtica de Privacidad peri\u00f3dicamente. Cuando lo hagamos, publicaremos la pol\u00edtica revisada en esta p\u00e1gina.\n<\/p>\n<hr \/>\n<h3>Cont\u00e1ctenos<\/h3>\n<p><strong>miDental<\/strong><\/p>\n\n<p>\n  13000 N Interestatal Hwy 35 suite 206<br \/>\n  Austin, Texas 78753<\/p>","protected":false},"excerpt":{"rendered":"<p>Privacy Policy We value your privacy. This Privacy Policy describes how we collect, use, disclose, and protect information when you interact with our website, contact us, or use our services. Information We Collect We may collect the following categories of information: Contact information (such as name, phone number, email address, mailing address) Appointment and service-related [&#8230;]<\/p>\n<p><a class=\"btn btn-secondary understrap-read-more-link\" href=\"https:\/\/www.mydental.com\/es\/privacy-policy\/\">Read More&#8230;<\/a><\/p>\n","protected":false},"author":6,"featured_media":0,"parent":0,"menu_order":200,"comment_status":"closed","ping_status":"closed","template":"page-templates\/full-width-page-no-banner.php","meta":{"_acf_changed":false,"footnotes":""},"class_list":["post-192","page","type-page","status-publish","hentry"],"acf":[],"yoast_head":"<!-- This site is optimized with the Yoast SEO plugin v27.3 - https:\/\/yoast.com\/product\/yoast-seo-wordpress\/ -->\n<title>myDental Privacy Policy - We Work To Protect Your Privacy<\/title>\n<meta name=\"description\" content=\"Learn how our Austin dentists protect your privacy from our privacy policy. Schedule today to learn how our Austin dentists protect your dental health today.\" \/>\n<meta name=\"robots\" content=\"index, follow, max-snippet:-1, max-image-preview:large, max-video-preview:-1\" \/>\n<link rel=\"canonical\" href=\"https:\/\/www.mydental.com\/es\/politica-de-privacidad\/\" \/>\n<meta property=\"og:locale\" content=\"es_MX\" \/>\n<meta property=\"og:type\" content=\"article\" \/>\n<meta property=\"og:title\" content=\"myDental Privacy Policy - We Work To Protect Your Privacy\" \/>\n<meta property=\"og:description\" content=\"Learn how our Austin dentists protect your privacy from our privacy policy. Schedule today to learn how our Austin dentists protect your dental health today.\" \/>\n<meta property=\"og:url\" content=\"https:\/\/www.mydental.com\/es\/politica-de-privacidad\/\" \/>\n<meta property=\"og:site_name\" content=\"myDental\" \/>\n<meta property=\"article:modified_time\" content=\"2026-02-13T16:01:30+00:00\" \/>\n<meta name=\"twitter:card\" content=\"summary_large_image\" \/>\n<meta name=\"twitter:label1\" content=\"Tiempo de lectura\" \/>\n\t<meta name=\"twitter:data1\" content=\"3 minutos\" \/>\n<script type=\"application\/ld+json\" class=\"yoast-schema-graph\">{\"@context\":\"https:\\\/\\\/schema.org\",\"@graph\":[{\"@type\":\"WebPage\",\"@id\":\"https:\\\/\\\/www.mydental.com\\\/privacy-policy\\\/\",\"url\":\"https:\\\/\\\/www.mydental.com\\\/privacy-policy\\\/\",\"name\":\"myDental Privacy Policy - We Work To Protect Your Privacy\",\"isPartOf\":{\"@id\":\"https:\\\/\\\/www.mydental.com\\\/#website\"},\"datePublished\":\"2018-02-22T17:54:36+00:00\",\"dateModified\":\"2026-02-13T16:01:30+00:00\",\"description\":\"Learn how our Austin dentists protect your privacy from our privacy policy. Schedule today to learn how our Austin dentists protect your dental health today.\",\"breadcrumb\":{\"@id\":\"https:\\\/\\\/www.mydental.com\\\/privacy-policy\\\/#breadcrumb\"},\"inLanguage\":\"es\",\"potentialAction\":[{\"@type\":\"ReadAction\",\"target\":[\"https:\\\/\\\/www.mydental.com\\\/privacy-policy\\\/\"]}]},{\"@type\":\"BreadcrumbList\",\"@id\":\"https:\\\/\\\/www.mydental.com\\\/privacy-policy\\\/#breadcrumb\",\"itemListElement\":[{\"@type\":\"ListItem\",\"position\":1,\"name\":\"Home\",\"item\":\"https:\\\/\\\/www.mydental.com\\\/\"},{\"@type\":\"ListItem\",\"position\":2,\"name\":\"Privacy Policy\"}]},{\"@type\":\"WebSite\",\"@id\":\"https:\\\/\\\/www.mydental.com\\\/#website\",\"url\":\"https:\\\/\\\/www.mydental.com\\\/\",\"name\":\"myDental\",\"description\":\"\",\"publisher\":{\"@id\":\"https:\\\/\\\/www.mydental.com\\\/#organization\"},\"potentialAction\":[{\"@type\":\"SearchAction\",\"target\":{\"@type\":\"EntryPoint\",\"urlTemplate\":\"https:\\\/\\\/www.mydental.com\\\/?s={search_term_string}\"},\"query-input\":{\"@type\":\"PropertyValueSpecification\",\"valueRequired\":true,\"valueName\":\"search_term_string\"}}],\"inLanguage\":\"es\"},{\"@type\":\"Organization\",\"@id\":\"https:\\\/\\\/www.mydental.com\\\/#organization\",\"name\":\"myDental\",\"url\":\"https:\\\/\\\/www.mydental.com\\\/\",\"logo\":{\"@type\":\"ImageObject\",\"inLanguage\":\"es\",\"@id\":\"https:\\\/\\\/www.mydental.com\\\/#\\\/schema\\\/logo\\\/image\\\/\",\"url\":\"https:\\\/\\\/www.mydental.com\\\/wp-content\\\/uploads\\\/2024\\\/05\\\/cropped-myDental-logo-r.png\",\"contentUrl\":\"https:\\\/\\\/www.mydental.com\\\/wp-content\\\/uploads\\\/2024\\\/05\\\/cropped-myDental-logo-r.png\",\"width\":762,\"height\":139,\"caption\":\"myDental\"},\"image\":{\"@id\":\"https:\\\/\\\/www.mydental.com\\\/#\\\/schema\\\/logo\\\/image\\\/\"}}]}<\/script>\n<!-- \/ Yoast SEO plugin. -->","yoast_head_json":{"title":"Pol\u00edtica de privacidad de myDental: trabajamos para proteger su privacidad","description":"Descubra c\u00f3mo nuestros dentistas en Austin protegen su privacidad con nuestra pol\u00edtica de privacidad. Programe una cita hoy mismo para saber c\u00f3mo nuestros dentistas en Austin protegen su salud dental.","robots":{"index":"index","follow":"follow","max-snippet":"max-snippet:-1","max-image-preview":"max-image-preview:large","max-video-preview":"max-video-preview:-1"},"canonical":"https:\/\/www.mydental.com\/es\/politica-de-privacidad\/","og_locale":"es_MX","og_type":"article","og_title":"myDental Privacy Policy - We Work To Protect Your Privacy","og_description":"Learn how our Austin dentists protect your privacy from our privacy policy. Schedule today to learn how our Austin dentists protect your dental health today.","og_url":"https:\/\/www.mydental.com\/es\/politica-de-privacidad\/","og_site_name":"myDental","article_modified_time":"2026-02-13T16:01:30+00:00","twitter_card":"summary_large_image","twitter_misc":{"Tiempo de lectura":"3 minutos"},"schema":{"@context":"https:\/\/schema.org","@graph":[{"@type":"WebPage","@id":"https:\/\/www.mydental.com\/privacy-policy\/","url":"https:\/\/www.mydental.com\/privacy-policy\/","name":"Pol\u00edtica de privacidad de myDental: trabajamos para proteger su privacidad","isPartOf":{"@id":"https:\/\/www.mydental.com\/#website"},"datePublished":"2018-02-22T17:54:36+00:00","dateModified":"2026-02-13T16:01:30+00:00","description":"Descubra c\u00f3mo nuestros dentistas en Austin protegen su privacidad con nuestra pol\u00edtica de privacidad. Programe una cita hoy mismo para saber c\u00f3mo nuestros dentistas en Austin protegen su salud dental.","breadcrumb":{"@id":"https:\/\/www.mydental.com\/privacy-policy\/#breadcrumb"},"inLanguage":"es","potentialAction":[{"@type":"ReadAction","target":["https:\/\/www.mydental.com\/privacy-policy\/"]}]},{"@type":"BreadcrumbList","@id":"https:\/\/www.mydental.com\/privacy-policy\/#breadcrumb","itemListElement":[{"@type":"ListItem","position":1,"name":"Home","item":"https:\/\/www.mydental.com\/"},{"@type":"ListItem","position":2,"name":"Privacy Policy"}]},{"@type":"WebSite","@id":"https:\/\/www.mydental.com\/#website","url":"https:\/\/www.mydental.com\/","name":"miDental","description":"","publisher":{"@id":"https:\/\/www.mydental.com\/#organization"},"potentialAction":[{"@type":"SearchAction","target":{"@type":"EntryPoint","urlTemplate":"https:\/\/www.mydental.com\/?s={search_term_string}"},"query-input":{"@type":"PropertyValueSpecification","valueRequired":true,"valueName":"search_term_string"}}],"inLanguage":"es"},{"@type":"Organization","@id":"https:\/\/www.mydental.com\/#organization","name":"miDental","url":"https:\/\/www.mydental.com\/","logo":{"@type":"ImageObject","inLanguage":"es","@id":"https:\/\/www.mydental.com\/#\/schema\/logo\/image\/","url":"https:\/\/www.mydental.com\/wp-content\/uploads\/2024\/05\/cropped-myDental-logo-r.png","contentUrl":"https:\/\/www.mydental.com\/wp-content\/uploads\/2024\/05\/cropped-myDental-logo-r.png","width":762,"height":139,"caption":"myDental"},"image":{"@id":"https:\/\/www.mydental.com\/#\/schema\/logo\/image\/"}}]}},"_links":{"self":[{"href":"https:\/\/www.mydental.com\/es\/wp-json\/wp\/v2\/pages\/192","targetHints":{"allow":["GET"]}}],"collection":[{"href":"https:\/\/www.mydental.com\/es\/wp-json\/wp\/v2\/pages"}],"about":[{"href":"https:\/\/www.mydental.com\/es\/wp-json\/wp\/v2\/types\/page"}],"author":[{"embeddable":true,"href":"https:\/\/www.mydental.com\/es\/wp-json\/wp\/v2\/users\/6"}],"replies":[{"embeddable":true,"href":"https:\/\/www.mydental.com\/es\/wp-json\/wp\/v2\/comments?post=192"}],"version-history":[{"count":6,"href":"https:\/\/www.mydental.com\/es\/wp-json\/wp\/v2\/pages\/192\/revisions"}],"predecessor-version":[{"id":3244,"href":"https:\/\/www.mydental.com\/es\/wp-json\/wp\/v2\/pages\/192\/revisions\/3244"}],"wp:attachment":[{"href":"https:\/\/www.mydental.com\/es\/wp-json\/wp\/v2\/media?parent=192"}],"curies":[{"name":"wp","href":"https:\/\/api.w.org\/{rel}","templated":true}]}}