{"id":1893,"date":"2024-07-02T11:20:22","date_gmt":"2024-07-02T16:20:22","guid":{"rendered":"https:\/\/www.mydental.local\/?page_id=1893"},"modified":"2026-03-03T10:21:08","modified_gmt":"2026-03-03T16:21:08","slug":"san-marcos","status":"publish","type":"page","link":"https:\/\/www.mydental.com\/es\/locations\/san-marcos\/","title":{"rendered":"San Marcos"},"content":{"rendered":"<div id=\"mni-membership-638729726908413618\"><\/div>\n<script src=\"https:\/\/sanmarcostexas.chambermaster.com\/Content\/Script\/Member.js\" type=\"text\/javascript\"><\/script>\n<script type=\"text\/javascript\">\nnew MNI.Widgets.Member(\"mni-membership-638729726908413618\",{member:5152345,styleTemplate:\"#@id{text-align:center;position:relative}#@id .mn-widget-member-name{font-weight:700}#@id .mn-widget-member-logo{max-width:100%}\"}).create();\n<\/script>\n\n\n\n<h2 class=\"wp-block-heading\">Servicios dentales en San Marcos<\/h2>\n\n\n\n<p>En nuestra cl\u00ednica dental myDental en San Marcos, ofrecemos una variedad de servicios que satisfacen las necesidades de todos nuestros pacientes. Es importante que adaptemos nuestros servicios para brindar soluciones a cualquier problema dental que pueda tener.<\/p>\n\n\n\n<p>Estos servicios abarcan desde limpiezas de rutina hasta procedimientos complejos e incluso tratamientos cosm\u00e9ticos. Contamos con un dentista cerca de San Marcos, en las afueras de Austin, Texas, para garantizar que sus necesidades sean atendidas.<\/p>\n\n\n\n<p>Aqu\u00ed encontrar\u00e1 informaci\u00f3n sobre nuestros servicios:<\/p>\n\n\n\n<h3 class=\"wp-block-heading\">Odontolog\u00eda cosm\u00e9tica<\/h3>\n\n\n\n<p>La vida es demasiado corta para vivir con una sonrisa triste. Nuestros servicios de odontolog\u00eda est\u00e9tica le ayudar\u00e1n a sentirse m\u00e1s seguro\/a con su sonrisa. Nuestros tratamientos est\u00e9ticos incluyen blanqueamiento dental, carillas y reconstrucci\u00f3n con resina compuesta.<\/p>\n\n\n\n<p>Contamos con dentistas experimentados que escuchar\u00e1n sus necesidades y se asegurar\u00e1n de que obtenga exactamente lo que busca. \u00a1Un dentista en San Marcos, cerca de Austin, Texas, est\u00e1 a solo una llamada de distancia!<\/p>\n\n\n\n<h3 class=\"wp-block-heading\">Invisalign<\/h3>\n\n\n\n<p>Los dientes mal alineados o api\u00f1ados dificultan el cepillado y el uso del hilo dental, lo que aumenta el riesgo de caries y problemas de enc\u00edas. Nuestra oficina de San Marcos ofrece <a href=\"\/es\/lugares\/san-marcos\/invisalign\/\">Tratamiento con alineadores transparentes Invisalign<\/a> Para enderezar tus dientes de forma c\u00f3moda y discreta. Con citas los s\u00e1bados y opciones de financiaci\u00f3n flexibles, nuestro equipo facilita a las familias de San Marcos el inicio de su transformaci\u00f3n hacia una sonrisa perfecta.<\/p>\n\n\n\n<h3 class=\"wp-block-heading\">Odontolog\u00eda de emergencia<\/h3>\n\n\n\n<p>Las emergencias dentales no esperan, y nosotros tampoco. Nuestra oficina de San Marcos ofrece atenci\u00f3n el mismo d\u00eda. <a href=\"\/es\/lugares\/san-marcos\/urgencias-dentales\/\">atenci\u00f3n dental de emergencia<\/a> Para dolores de muelas, dientes rotos, infecciones, dientes ca\u00eddos y m\u00e1s. Atendemos sin cita previa y ofrecemos horario los s\u00e1bados.<\/p>\n\n\n\n<h3 class=\"wp-block-heading\">Odontolog\u00eda preventiva<\/h3>\n\n\n\n<p>La odontolog\u00eda preventiva es fundamental para mantener una buena salud bucal. Nuestros servicios preventivos incluyen ex\u00e1menes, radiograf\u00edas, tratamientos con fl\u00faor y limpiezas. Al programar visitas de rutina, puede asegurarse de no tener problemas dentales inesperados o dolorosos.<\/p>\n\n\n\n<h3 class=\"wp-block-heading\">Odontolog\u00eda restauradora<\/h3>\n\n\n\n<p>Si tiene problemas dentales, nuestros servicios de odontolog\u00eda restauradora pueden ayudarle a recuperar su salud bucal y mejorar su sonrisa. Ofrecemos empastes, coronas, puentes y pr\u00f3tesis dentales. Nuestro dentista en San Marcos, Texas, le garantizar\u00e1 la sonrisa que siempre ha deseado.<\/p>\n\n\n\n<h3 class=\"wp-block-heading\">Odontolog\u00eda pedi\u00e1trica<\/h3>\n\n\n\n<p>Los ni\u00f1os tienen necesidades dentales \u00fanicas, por eso nuestra cl\u00ednica de San Marcos adopta un enfoque especializado. <a href=\"\/es\/lugares\/san-marcos\/odontopediatria\/\">servicios dentales pedi\u00e1tricos<\/a> Ayude a sus hijos a sentirse c\u00f3modos y bienvenidos mientras est\u00e1n en el sill\u00f3n dental. Ofrecemos una variedad de servicios pedi\u00e1tricos, que incluyen primeras consultas, tratamientos con fl\u00faor, selladores dentales y m\u00e1s.<\/p>\n\n\n\n<h3 class=\"wp-block-heading\">Cirug\u00eda Oral<\/h3>\n\n\n\n<p>En myDental de San Marcos, tambi\u00e9n ofrecemos una variedad de servicios de cirug\u00eda oral para ayudar a nuestros pacientes con problemas dentales complejos. Nuestros cirujanos orales, con amplia experiencia, se especializan en diversos procedimientos, como la extracci\u00f3n de muelas del juicio, la colocaci\u00f3n de implantes dentales y la cirug\u00eda maxilofacial.<\/p>\n\n\n\n<p>Las muelas del juicio pueden causar diversos problemas si se impactan o se infectan. Nuestros cirujanos orales utilizan las t\u00e9cnicas y la tecnolog\u00eda m\u00e1s avanzadas para extraer las muelas del juicio de forma segura y eficaz, minimizando las molestias y reduciendo el riesgo de complicaciones.<\/p>\n\n\n\n<h3 class=\"wp-block-heading\">Implantes dentales<\/h3>\n\n\n\n<p>La p\u00e9rdida de dientes puede afectar su confianza, su capacidad para comer c\u00f3modamente y su salud bucal a largo plazo. Nuestra cl\u00ednica en San Marcos ofrece servicios integrales. <a href=\"\/es\/lugares\/san-marcos\/implantes-dentales\/\">servicios de implantes dentales<\/a>, Desde implantes de un solo diente hasta soluciones All-on-4 de arcada completa. Nuestro equipo de expertos se encarga de cada paso de su tratamiento de implantes aqu\u00ed mismo en San Marcos.<\/p>\n\n\n\n<p>Si buscas un dentista en San Marcos que te escuche, myDental es la soluci\u00f3n que necesitas. El bienestar de nuestros pacientes es nuestra m\u00e1xima prioridad. <a href=\"https:\/\/mydental.co\/9le\" target=\"_blank\" rel=\"noreferrer noopener\">Solicite una cita en l\u00ednea<\/a> \u00a1hoy!<\/p>","protected":false},"excerpt":{"rendered":"<p>San Marcos Dentist Services At our myDental Dentist in San Marcos, we offer a variety of services that meet the needs of all our patients. It&#8217;s important that we cater our services to provide solutions for whatever dental concern you may have. These services range from routine cleanings to complex procedures and even cosmetic solutions. [&#8230;]<\/p>\n<p><a class=\"btn btn-secondary understrap-read-more-link\" href=\"https:\/\/www.mydental.com\/es\/locations\/san-marcos\/\">Read More&#8230;<\/a><\/p>\n","protected":false},"author":17,"featured_media":1470,"parent":139,"menu_order":30,"comment_status":"closed","ping_status":"closed","template":"page-templates\/location-single.php","meta":{"_acf_changed":false,"footnotes":""},"class_list":["post-1893","page","type-page","status-publish","has-post-thumbnail","hentry","locations-san-marcos"],"acf":[],"yoast_head":"<!-- This site is optimized with the Yoast SEO plugin v27.3 - https:\/\/yoast.com\/product\/yoast-seo-wordpress\/ -->\n<title>Dentist in San Marcos, TX | myDental<\/title>\n<meta name=\"description\" content=\"San Marcos dentist near Texas State offering cleanings, implants, Invisalign &amp; emergency care. Open Saturdays. 5-star rated. Book your visit today!\" \/>\n<meta name=\"robots\" content=\"index, follow, max-snippet:-1, max-image-preview:large, max-video-preview:-1\" \/>\n<link rel=\"canonical\" href=\"https:\/\/www.mydental.com\/es\/lugares\/san-marcos\/\" \/>\n<meta property=\"og:locale\" content=\"es_MX\" \/>\n<meta property=\"og:type\" content=\"article\" \/>\n<meta property=\"og:title\" content=\"Dentist in San Marcos, TX | myDental\" \/>\n<meta property=\"og:description\" content=\"San Marcos dentist near Texas State offering cleanings, implants, Invisalign &amp; emergency care. Open Saturdays. 5-star rated. Book your visit today!\" \/>\n<meta property=\"og:url\" content=\"https:\/\/www.mydental.com\/es\/lugares\/san-marcos\/\" \/>\n<meta property=\"og:site_name\" content=\"myDental\" \/>\n<meta property=\"article:modified_time\" content=\"2026-03-03T16:21:08+00:00\" \/>\n<meta property=\"og:image\" content=\"https:\/\/www.mydental.com\/wp-content\/uploads\/2023\/05\/dentist-elgin-texas-myDental-04.jpg\" \/>\n\t<meta property=\"og:image:width\" content=\"1600\" \/>\n\t<meta property=\"og:image:height\" content=\"900\" \/>\n\t<meta property=\"og:image:type\" content=\"image\/jpeg\" \/>\n<meta name=\"twitter:card\" content=\"summary_large_image\" \/>\n<meta name=\"twitter:label1\" content=\"Tiempo de lectura\" \/>\n\t<meta name=\"twitter:data1\" content=\"3 minutos\" \/>\n<script type=\"application\/ld+json\" class=\"yoast-schema-graph\">{\"@context\":\"https:\\\/\\\/schema.org\",\"@graph\":[{\"@type\":\"WebPage\",\"@id\":\"https:\\\/\\\/www.mydental.com\\\/locations\\\/san-marcos\\\/\",\"url\":\"https:\\\/\\\/www.mydental.com\\\/locations\\\/san-marcos\\\/\",\"name\":\"Dentist in San Marcos, TX | myDental\",\"isPartOf\":{\"@id\":\"https:\\\/\\\/www.mydental.com\\\/#website\"},\"primaryImageOfPage\":{\"@id\":\"https:\\\/\\\/www.mydental.com\\\/locations\\\/san-marcos\\\/#primaryimage\"},\"image\":{\"@id\":\"https:\\\/\\\/www.mydental.com\\\/locations\\\/san-marcos\\\/#primaryimage\"},\"thumbnailUrl\":\"https:\\\/\\\/www.mydental.com\\\/wp-content\\\/uploads\\\/2023\\\/05\\\/dentist-elgin-texas-myDental-04.jpg\",\"datePublished\":\"2024-07-02T16:20:22+00:00\",\"dateModified\":\"2026-03-03T16:21:08+00:00\",\"description\":\"San Marcos dentist near Texas State offering cleanings, implants, Invisalign & emergency care. Open Saturdays. 5-star rated. Book your visit today!\",\"breadcrumb\":{\"@id\":\"https:\\\/\\\/www.mydental.com\\\/locations\\\/san-marcos\\\/#breadcrumb\"},\"inLanguage\":\"es\",\"potentialAction\":[{\"@type\":\"ReadAction\",\"target\":[\"https:\\\/\\\/www.mydental.com\\\/locations\\\/san-marcos\\\/\"]}]},{\"@type\":\"ImageObject\",\"inLanguage\":\"es\",\"@id\":\"https:\\\/\\\/www.mydental.com\\\/locations\\\/san-marcos\\\/#primaryimage\",\"url\":\"https:\\\/\\\/www.mydental.com\\\/wp-content\\\/uploads\\\/2023\\\/05\\\/dentist-elgin-texas-myDental-04.jpg\",\"contentUrl\":\"https:\\\/\\\/www.mydental.com\\\/wp-content\\\/uploads\\\/2023\\\/05\\\/dentist-elgin-texas-myDental-04.jpg\",\"width\":1600,\"height\":900,\"caption\":\"Group of people smiling\"},{\"@type\":\"BreadcrumbList\",\"@id\":\"https:\\\/\\\/www.mydental.com\\\/locations\\\/san-marcos\\\/#breadcrumb\",\"itemListElement\":[{\"@type\":\"ListItem\",\"position\":1,\"name\":\"Home\",\"item\":\"https:\\\/\\\/www.mydental.com\\\/\"},{\"@type\":\"ListItem\",\"position\":2,\"name\":\"Locations\",\"item\":\"https:\\\/\\\/www.mydental.com\\\/locations\\\/\"},{\"@type\":\"ListItem\",\"position\":3,\"name\":\"San Marcos\"}]},{\"@type\":\"WebSite\",\"@id\":\"https:\\\/\\\/www.mydental.com\\\/#website\",\"url\":\"https:\\\/\\\/www.mydental.com\\\/\",\"name\":\"myDental\",\"description\":\"\",\"publisher\":{\"@id\":\"https:\\\/\\\/www.mydental.com\\\/#organization\"},\"potentialAction\":[{\"@type\":\"SearchAction\",\"target\":{\"@type\":\"EntryPoint\",\"urlTemplate\":\"https:\\\/\\\/www.mydental.com\\\/?s={search_term_string}\"},\"query-input\":{\"@type\":\"PropertyValueSpecification\",\"valueRequired\":true,\"valueName\":\"search_term_string\"}}],\"inLanguage\":\"es\"},{\"@type\":\"Organization\",\"@id\":\"https:\\\/\\\/www.mydental.com\\\/#organization\",\"name\":\"myDental\",\"url\":\"https:\\\/\\\/www.mydental.com\\\/\",\"logo\":{\"@type\":\"ImageObject\",\"inLanguage\":\"es\",\"@id\":\"https:\\\/\\\/www.mydental.com\\\/#\\\/schema\\\/logo\\\/image\\\/\",\"url\":\"https:\\\/\\\/www.mydental.com\\\/wp-content\\\/uploads\\\/2024\\\/05\\\/cropped-myDental-logo-r.png\",\"contentUrl\":\"https:\\\/\\\/www.mydental.com\\\/wp-content\\\/uploads\\\/2024\\\/05\\\/cropped-myDental-logo-r.png\",\"width\":762,\"height\":139,\"caption\":\"myDental\"},\"image\":{\"@id\":\"https:\\\/\\\/www.mydental.com\\\/#\\\/schema\\\/logo\\\/image\\\/\"}}]}<\/script>\n<!-- \/ Yoast SEO plugin. -->","yoast_head_json":{"title":"Dentista en San Marcos, TX | myDental","description":"Dentista en San Marcos, cerca de la Universidad Estatal de Texas, que ofrece limpiezas, implantes, Invisalign y atenci\u00f3n de urgencias. Abierto los s\u00e1bados. Calificaci\u00f3n de 5 estrellas. \u00a1Reserve su cita hoy mismo!","robots":{"index":"index","follow":"follow","max-snippet":"max-snippet:-1","max-image-preview":"max-image-preview:large","max-video-preview":"max-video-preview:-1"},"canonical":"https:\/\/www.mydental.com\/es\/lugares\/san-marcos\/","og_locale":"es_MX","og_type":"article","og_title":"Dentist in San Marcos, TX | myDental","og_description":"San Marcos dentist near Texas State offering cleanings, implants, Invisalign & emergency care. Open Saturdays. 5-star rated. Book your visit today!","og_url":"https:\/\/www.mydental.com\/es\/lugares\/san-marcos\/","og_site_name":"myDental","article_modified_time":"2026-03-03T16:21:08+00:00","og_image":[{"width":1600,"height":900,"url":"https:\/\/www.mydental.com\/wp-content\/uploads\/2023\/05\/dentist-elgin-texas-myDental-04.jpg","type":"image\/jpeg"}],"twitter_card":"summary_large_image","twitter_misc":{"Tiempo de lectura":"3 minutos"},"schema":{"@context":"https:\/\/schema.org","@graph":[{"@type":"WebPage","@id":"https:\/\/www.mydental.com\/locations\/san-marcos\/","url":"https:\/\/www.mydental.com\/locations\/san-marcos\/","name":"Dentista en San Marcos, TX | myDental","isPartOf":{"@id":"https:\/\/www.mydental.com\/#website"},"primaryImageOfPage":{"@id":"https:\/\/www.mydental.com\/locations\/san-marcos\/#primaryimage"},"image":{"@id":"https:\/\/www.mydental.com\/locations\/san-marcos\/#primaryimage"},"thumbnailUrl":"https:\/\/www.mydental.com\/wp-content\/uploads\/2023\/05\/dentist-elgin-texas-myDental-04.jpg","datePublished":"2024-07-02T16:20:22+00:00","dateModified":"2026-03-03T16:21:08+00:00","description":"Dentista en San Marcos, cerca de la Universidad Estatal de Texas, que ofrece limpiezas, implantes, Invisalign y atenci\u00f3n de urgencias. Abierto los s\u00e1bados. Calificaci\u00f3n de 5 estrellas. \u00a1Reserve su cita hoy mismo!","breadcrumb":{"@id":"https:\/\/www.mydental.com\/locations\/san-marcos\/#breadcrumb"},"inLanguage":"es","potentialAction":[{"@type":"ReadAction","target":["https:\/\/www.mydental.com\/locations\/san-marcos\/"]}]},{"@type":"ImageObject","inLanguage":"es","@id":"https:\/\/www.mydental.com\/locations\/san-marcos\/#primaryimage","url":"https:\/\/www.mydental.com\/wp-content\/uploads\/2023\/05\/dentist-elgin-texas-myDental-04.jpg","contentUrl":"https:\/\/www.mydental.com\/wp-content\/uploads\/2023\/05\/dentist-elgin-texas-myDental-04.jpg","width":1600,"height":900,"caption":"Group of people smiling"},{"@type":"BreadcrumbList","@id":"https:\/\/www.mydental.com\/locations\/san-marcos\/#breadcrumb","itemListElement":[{"@type":"ListItem","position":1,"name":"Home","item":"https:\/\/www.mydental.com\/"},{"@type":"ListItem","position":2,"name":"Locations","item":"https:\/\/www.mydental.com\/locations\/"},{"@type":"ListItem","position":3,"name":"San Marcos"}]},{"@type":"WebSite","@id":"https:\/\/www.mydental.com\/#website","url":"https:\/\/www.mydental.com\/","name":"miDental","description":"","publisher":{"@id":"https:\/\/www.mydental.com\/#organization"},"potentialAction":[{"@type":"SearchAction","target":{"@type":"EntryPoint","urlTemplate":"https:\/\/www.mydental.com\/?s={search_term_string}"},"query-input":{"@type":"PropertyValueSpecification","valueRequired":true,"valueName":"search_term_string"}}],"inLanguage":"es"},{"@type":"Organization","@id":"https:\/\/www.mydental.com\/#organization","name":"miDental","url":"https:\/\/www.mydental.com\/","logo":{"@type":"ImageObject","inLanguage":"es","@id":"https:\/\/www.mydental.com\/#\/schema\/logo\/image\/","url":"https:\/\/www.mydental.com\/wp-content\/uploads\/2024\/05\/cropped-myDental-logo-r.png","contentUrl":"https:\/\/www.mydental.com\/wp-content\/uploads\/2024\/05\/cropped-myDental-logo-r.png","width":762,"height":139,"caption":"myDental"},"image":{"@id":"https:\/\/www.mydental.com\/#\/schema\/logo\/image\/"}}]}},"_links":{"self":[{"href":"https:\/\/www.mydental.com\/es\/wp-json\/wp\/v2\/pages\/1893","targetHints":{"allow":["GET"]}}],"collection":[{"href":"https:\/\/www.mydental.com\/es\/wp-json\/wp\/v2\/pages"}],"about":[{"href":"https:\/\/www.mydental.com\/es\/wp-json\/wp\/v2\/types\/page"}],"author":[{"embeddable":true,"href":"https:\/\/www.mydental.com\/es\/wp-json\/wp\/v2\/users\/17"}],"replies":[{"embeddable":true,"href":"https:\/\/www.mydental.com\/es\/wp-json\/wp\/v2\/comments?post=1893"}],"version-history":[{"count":10,"href":"https:\/\/www.mydental.com\/es\/wp-json\/wp\/v2\/pages\/1893\/revisions"}],"predecessor-version":[{"id":3049,"href":"https:\/\/www.mydental.com\/es\/wp-json\/wp\/v2\/pages\/1893\/revisions\/3049"}],"up":[{"embeddable":true,"href":"https:\/\/www.mydental.com\/es\/wp-json\/wp\/v2\/pages\/139"}],"wp:featuredmedia":[{"embeddable":true,"href":"https:\/\/www.mydental.com\/es\/wp-json\/wp\/v2\/media\/1470"}],"wp:attachment":[{"href":"https:\/\/www.mydental.com\/es\/wp-json\/wp\/v2\/media?parent=1893"}],"curies":[{"name":"wp","href":"https:\/\/api.w.org\/{rel}","templated":true}]}}