{"id":1886,"date":"2024-07-01T16:42:29","date_gmt":"2024-07-01T21:42:29","guid":{"rendered":"https:\/\/www.mydental.local\/?page_id=1886"},"modified":"2026-02-28T15:42:50","modified_gmt":"2026-02-28T21:42:50","slug":"mansion","status":"publish","type":"page","link":"https:\/\/www.mydental.com\/es\/locations\/manor\/","title":{"rendered":"Se\u00f1or\u00edo"},"content":{"rendered":"","protected":false},"excerpt":{"rendered":"<p> [&#8230;]<\/p>\n<p><a class=\"btn btn-secondary understrap-read-more-link\" href=\"https:\/\/www.mydental.com\/es\/locations\/manor\/\">Read More&#8230;<\/a><\/p>\n","protected":false},"author":17,"featured_media":749,"parent":139,"menu_order":15,"comment_status":"closed","ping_status":"closed","template":"page-templates\/location-single.php","meta":{"_acf_changed":false,"footnotes":""},"class_list":["post-1886","page","type-page","status-publish","has-post-thumbnail","hentry","locations-manor"],"acf":[],"yoast_head":"<!-- This site is optimized with the Yoast SEO plugin v27.3 - https:\/\/yoast.com\/product\/yoast-seo-wordpress\/ -->\n<title>Dentist in Manor, TX | myDental Manor<\/title>\n<meta name=\"description\" content=\"Manor, TX dentist offering cleanings, implants, Invisalign &amp; emergency care. Open Saturdays. 5-star rated. Book your visit today!\" \/>\n<meta name=\"robots\" content=\"index, follow, max-snippet:-1, max-image-preview:large, max-video-preview:-1\" \/>\n<link rel=\"canonical\" href=\"https:\/\/www.mydental.com\/es\/lugares\/mansion\/\" \/>\n<meta property=\"og:locale\" content=\"es_MX\" \/>\n<meta property=\"og:type\" content=\"article\" \/>\n<meta property=\"og:title\" content=\"Dentist in Manor, TX | myDental Manor\" \/>\n<meta property=\"og:description\" content=\"Manor, TX dentist offering cleanings, implants, Invisalign &amp; emergency care. Open Saturdays. 5-star rated. Book your visit today!\" \/>\n<meta property=\"og:url\" content=\"https:\/\/www.mydental.com\/es\/lugares\/mansion\/\" \/>\n<meta property=\"og:site_name\" content=\"myDental\" \/>\n<meta property=\"article:modified_time\" content=\"2026-02-28T21:42:50+00:00\" \/>\n<meta property=\"og:image\" content=\"https:\/\/www.mydental.com\/wp-content\/uploads\/2019\/05\/dentist-austin-texas-myDental-18.jpg\" \/>\n\t<meta property=\"og:image:width\" content=\"3200\" \/>\n\t<meta property=\"og:image:height\" content=\"1800\" \/>\n\t<meta property=\"og:image:type\" content=\"image\/jpeg\" \/>\n<meta name=\"twitter:card\" content=\"summary_large_image\" \/>\n<meta name=\"twitter:label1\" content=\"Tiempo de lectura\" \/>\n\t<meta name=\"twitter:data1\" content=\"1 minuto\" \/>\n<script type=\"application\/ld+json\" class=\"yoast-schema-graph\">{\"@context\":\"https:\\\/\\\/schema.org\",\"@graph\":[{\"@type\":\"WebPage\",\"@id\":\"https:\\\/\\\/www.mydental.com\\\/locations\\\/manor\\\/\",\"url\":\"https:\\\/\\\/www.mydental.com\\\/locations\\\/manor\\\/\",\"name\":\"Dentist in Manor, TX | myDental Manor\",\"isPartOf\":{\"@id\":\"https:\\\/\\\/www.mydental.com\\\/#website\"},\"primaryImageOfPage\":{\"@id\":\"https:\\\/\\\/www.mydental.com\\\/locations\\\/manor\\\/#primaryimage\"},\"image\":{\"@id\":\"https:\\\/\\\/www.mydental.com\\\/locations\\\/manor\\\/#primaryimage\"},\"thumbnailUrl\":\"https:\\\/\\\/www.mydental.com\\\/wp-content\\\/uploads\\\/2019\\\/05\\\/dentist-austin-texas-myDental-18.jpg\",\"datePublished\":\"2024-07-01T21:42:29+00:00\",\"dateModified\":\"2026-02-28T21:42:50+00:00\",\"description\":\"Manor, TX dentist offering cleanings, implants, Invisalign & emergency care. Open Saturdays. 5-star rated. Book your visit today!\",\"breadcrumb\":{\"@id\":\"https:\\\/\\\/www.mydental.com\\\/locations\\\/manor\\\/#breadcrumb\"},\"inLanguage\":\"es\",\"potentialAction\":[{\"@type\":\"ReadAction\",\"target\":[\"https:\\\/\\\/www.mydental.com\\\/locations\\\/manor\\\/\"]}]},{\"@type\":\"ImageObject\",\"inLanguage\":\"es\",\"@id\":\"https:\\\/\\\/www.mydental.com\\\/locations\\\/manor\\\/#primaryimage\",\"url\":\"https:\\\/\\\/www.mydental.com\\\/wp-content\\\/uploads\\\/2019\\\/05\\\/dentist-austin-texas-myDental-18.jpg\",\"contentUrl\":\"https:\\\/\\\/www.mydental.com\\\/wp-content\\\/uploads\\\/2019\\\/05\\\/dentist-austin-texas-myDental-18.jpg\",\"width\":3200,\"height\":1800,\"caption\":\"Group of people holding up pictures of different smiles\"},{\"@type\":\"BreadcrumbList\",\"@id\":\"https:\\\/\\\/www.mydental.com\\\/locations\\\/manor\\\/#breadcrumb\",\"itemListElement\":[{\"@type\":\"ListItem\",\"position\":1,\"name\":\"Home\",\"item\":\"https:\\\/\\\/www.mydental.com\\\/\"},{\"@type\":\"ListItem\",\"position\":2,\"name\":\"Locations\",\"item\":\"https:\\\/\\\/www.mydental.com\\\/locations\\\/\"},{\"@type\":\"ListItem\",\"position\":3,\"name\":\"Manor\"}]},{\"@type\":\"WebSite\",\"@id\":\"https:\\\/\\\/www.mydental.com\\\/#website\",\"url\":\"https:\\\/\\\/www.mydental.com\\\/\",\"name\":\"myDental\",\"description\":\"\",\"publisher\":{\"@id\":\"https:\\\/\\\/www.mydental.com\\\/#organization\"},\"potentialAction\":[{\"@type\":\"SearchAction\",\"target\":{\"@type\":\"EntryPoint\",\"urlTemplate\":\"https:\\\/\\\/www.mydental.com\\\/?s={search_term_string}\"},\"query-input\":{\"@type\":\"PropertyValueSpecification\",\"valueRequired\":true,\"valueName\":\"search_term_string\"}}],\"inLanguage\":\"es\"},{\"@type\":\"Organization\",\"@id\":\"https:\\\/\\\/www.mydental.com\\\/#organization\",\"name\":\"myDental\",\"url\":\"https:\\\/\\\/www.mydental.com\\\/\",\"logo\":{\"@type\":\"ImageObject\",\"inLanguage\":\"es\",\"@id\":\"https:\\\/\\\/www.mydental.com\\\/#\\\/schema\\\/logo\\\/image\\\/\",\"url\":\"https:\\\/\\\/www.mydental.com\\\/wp-content\\\/uploads\\\/2024\\\/05\\\/cropped-myDental-logo-r.png\",\"contentUrl\":\"https:\\\/\\\/www.mydental.com\\\/wp-content\\\/uploads\\\/2024\\\/05\\\/cropped-myDental-logo-r.png\",\"width\":762,\"height\":139,\"caption\":\"myDental\"},\"image\":{\"@id\":\"https:\\\/\\\/www.mydental.com\\\/#\\\/schema\\\/logo\\\/image\\\/\"}}]}<\/script>\n<!-- \/ Yoast SEO plugin. -->","yoast_head_json":{"title":"Dentista en Manor, TX | myDental Manor","description":"Dentista en Manor, TX, que ofrece limpiezas, implantes, Invisalign y atenci\u00f3n de urgencias. Abierto los s\u00e1bados. Calificaci\u00f3n de 5 estrellas. \u00a1Reserve su cita hoy mismo!","robots":{"index":"index","follow":"follow","max-snippet":"max-snippet:-1","max-image-preview":"max-image-preview:large","max-video-preview":"max-video-preview:-1"},"canonical":"https:\/\/www.mydental.com\/es\/lugares\/mansion\/","og_locale":"es_MX","og_type":"article","og_title":"Dentist in Manor, TX | myDental Manor","og_description":"Manor, TX dentist offering cleanings, implants, Invisalign & emergency care. Open Saturdays. 5-star rated. Book your visit today!","og_url":"https:\/\/www.mydental.com\/es\/lugares\/mansion\/","og_site_name":"myDental","article_modified_time":"2026-02-28T21:42:50+00:00","og_image":[{"width":3200,"height":1800,"url":"https:\/\/www.mydental.com\/wp-content\/uploads\/2019\/05\/dentist-austin-texas-myDental-18.jpg","type":"image\/jpeg"}],"twitter_card":"summary_large_image","twitter_misc":{"Tiempo de lectura":"1 minuto"},"schema":{"@context":"https:\/\/schema.org","@graph":[{"@type":"WebPage","@id":"https:\/\/www.mydental.com\/locations\/manor\/","url":"https:\/\/www.mydental.com\/locations\/manor\/","name":"Dentista en Manor, TX | myDental Manor","isPartOf":{"@id":"https:\/\/www.mydental.com\/#website"},"primaryImageOfPage":{"@id":"https:\/\/www.mydental.com\/locations\/manor\/#primaryimage"},"image":{"@id":"https:\/\/www.mydental.com\/locations\/manor\/#primaryimage"},"thumbnailUrl":"https:\/\/www.mydental.com\/wp-content\/uploads\/2019\/05\/dentist-austin-texas-myDental-18.jpg","datePublished":"2024-07-01T21:42:29+00:00","dateModified":"2026-02-28T21:42:50+00:00","description":"Dentista en Manor, TX, que ofrece limpiezas, implantes, Invisalign y atenci\u00f3n de urgencias. Abierto los s\u00e1bados. Calificaci\u00f3n de 5 estrellas. \u00a1Reserve su cita hoy mismo!","breadcrumb":{"@id":"https:\/\/www.mydental.com\/locations\/manor\/#breadcrumb"},"inLanguage":"es","potentialAction":[{"@type":"ReadAction","target":["https:\/\/www.mydental.com\/locations\/manor\/"]}]},{"@type":"ImageObject","inLanguage":"es","@id":"https:\/\/www.mydental.com\/locations\/manor\/#primaryimage","url":"https:\/\/www.mydental.com\/wp-content\/uploads\/2019\/05\/dentist-austin-texas-myDental-18.jpg","contentUrl":"https:\/\/www.mydental.com\/wp-content\/uploads\/2019\/05\/dentist-austin-texas-myDental-18.jpg","width":3200,"height":1800,"caption":"Group of people holding up pictures of different smiles"},{"@type":"BreadcrumbList","@id":"https:\/\/www.mydental.com\/locations\/manor\/#breadcrumb","itemListElement":[{"@type":"ListItem","position":1,"name":"Home","item":"https:\/\/www.mydental.com\/"},{"@type":"ListItem","position":2,"name":"Locations","item":"https:\/\/www.mydental.com\/locations\/"},{"@type":"ListItem","position":3,"name":"Manor"}]},{"@type":"WebSite","@id":"https:\/\/www.mydental.com\/#website","url":"https:\/\/www.mydental.com\/","name":"miDental","description":"","publisher":{"@id":"https:\/\/www.mydental.com\/#organization"},"potentialAction":[{"@type":"SearchAction","target":{"@type":"EntryPoint","urlTemplate":"https:\/\/www.mydental.com\/?s={search_term_string}"},"query-input":{"@type":"PropertyValueSpecification","valueRequired":true,"valueName":"search_term_string"}}],"inLanguage":"es"},{"@type":"Organization","@id":"https:\/\/www.mydental.com\/#organization","name":"miDental","url":"https:\/\/www.mydental.com\/","logo":{"@type":"ImageObject","inLanguage":"es","@id":"https:\/\/www.mydental.com\/#\/schema\/logo\/image\/","url":"https:\/\/www.mydental.com\/wp-content\/uploads\/2024\/05\/cropped-myDental-logo-r.png","contentUrl":"https:\/\/www.mydental.com\/wp-content\/uploads\/2024\/05\/cropped-myDental-logo-r.png","width":762,"height":139,"caption":"myDental"},"image":{"@id":"https:\/\/www.mydental.com\/#\/schema\/logo\/image\/"}}]}},"_links":{"self":[{"href":"https:\/\/www.mydental.com\/es\/wp-json\/wp\/v2\/pages\/1886","targetHints":{"allow":["GET"]}}],"collection":[{"href":"https:\/\/www.mydental.com\/es\/wp-json\/wp\/v2\/pages"}],"about":[{"href":"https:\/\/www.mydental.com\/es\/wp-json\/wp\/v2\/types\/page"}],"author":[{"embeddable":true,"href":"https:\/\/www.mydental.com\/es\/wp-json\/wp\/v2\/users\/17"}],"replies":[{"embeddable":true,"href":"https:\/\/www.mydental.com\/es\/wp-json\/wp\/v2\/comments?post=1886"}],"version-history":[{"count":12,"href":"https:\/\/www.mydental.com\/es\/wp-json\/wp\/v2\/pages\/1886\/revisions"}],"predecessor-version":[{"id":9705,"href":"https:\/\/www.mydental.com\/es\/wp-json\/wp\/v2\/pages\/1886\/revisions\/9705"}],"up":[{"embeddable":true,"href":"https:\/\/www.mydental.com\/es\/wp-json\/wp\/v2\/pages\/139"}],"wp:featuredmedia":[{"embeddable":true,"href":"https:\/\/www.mydental.com\/es\/wp-json\/wp\/v2\/media\/749"}],"wp:attachment":[{"href":"https:\/\/www.mydental.com\/es\/wp-json\/wp\/v2\/media?parent=1886"}],"curies":[{"name":"wp","href":"https:\/\/api.w.org\/{rel}","templated":true}]}}