{"id":1496,"date":"2023-06-15T22:25:21","date_gmt":"2023-06-16T03:25:21","guid":{"rendered":"https:\/\/www.mydental.local\/?page_id=1496"},"modified":"2023-06-15T22:32:46","modified_gmt":"2023-06-16T03:32:46","slug":"dentalplans","status":"publish","type":"page","link":"https:\/\/www.mydental.com\/es\/dentalplans\/","title":{"rendered":"mi Plan Dental"},"content":{"rendered":"","protected":false},"excerpt":{"rendered":"<p> [&#8230;]<\/p>\n<p><a class=\"btn btn-secondary understrap-read-more-link\" href=\"https:\/\/www.mydental.com\/es\/dentalplans\/\">Read More&#8230;<\/a><\/p>\n","protected":false},"author":6,"featured_media":0,"parent":0,"menu_order":0,"comment_status":"closed","ping_status":"closed","template":"page-templates\/myDentalplan-page.php","meta":{"_acf_changed":false,"footnotes":""},"class_list":["post-1496","page","type-page","status-publish","hentry"],"acf":[],"yoast_head":"<!-- This site is optimized with the Yoast SEO plugin v27.3 - https:\/\/yoast.com\/product\/yoast-seo-wordpress\/ -->\n<title>Dental Subscription Plan ? myDental<\/title>\n<meta name=\"description\" content=\"Join our dental subscription plan today and enjoy free cleanings, exams and x-rays, oral cancer screenings, plus 25% off all other dental services! Contact us at (512) 815-2524 or visit us at 13000 N Interstate Hwy 35, Suite 206, Austin TX 78753\" \/>\n<meta name=\"robots\" content=\"index, follow, max-snippet:-1, max-image-preview:large, max-video-preview:-1\" \/>\n<link rel=\"canonical\" href=\"https:\/\/www.mydental.com\/es\/dentalplans\/\" \/>\n<meta property=\"og:locale\" content=\"es_MX\" \/>\n<meta property=\"og:type\" content=\"article\" \/>\n<meta property=\"og:title\" content=\"Dental Subscription Plan ? myDental\" \/>\n<meta property=\"og:description\" content=\"Join our dental subscription plan today and enjoy free cleanings, exams and x-rays, oral cancer screenings, plus 25% off all other dental services! Contact us at (512) 815-2524 or visit us at 13000 N Interstate Hwy 35, Suite 206, Austin TX 78753\" \/>\n<meta property=\"og:url\" content=\"https:\/\/www.mydental.com\/es\/dentalplans\/\" \/>\n<meta property=\"og:site_name\" content=\"myDental\" \/>\n<meta property=\"article:modified_time\" content=\"2023-06-16T03:32:46+00:00\" \/>\n<meta name=\"twitter:card\" content=\"summary_large_image\" \/>\n<script type=\"application\/ld+json\" class=\"yoast-schema-graph\">{\"@context\":\"https:\\\/\\\/schema.org\",\"@graph\":[{\"@type\":\"WebPage\",\"@id\":\"https:\\\/\\\/www.mydental.com\\\/dentalplans\\\/\",\"url\":\"https:\\\/\\\/www.mydental.com\\\/dentalplans\\\/\",\"name\":\"Dental Subscription Plan ? myDental\",\"isPartOf\":{\"@id\":\"https:\\\/\\\/www.mydental.com\\\/#website\"},\"datePublished\":\"2023-06-16T03:25:21+00:00\",\"dateModified\":\"2023-06-16T03:32:46+00:00\",\"description\":\"Join our dental subscription plan today and enjoy free cleanings, exams and x-rays, oral cancer screenings, plus 25% off all other dental services! Contact us at (512) 815-2524 or visit us at 13000 N Interstate Hwy 35, Suite 206, Austin TX 78753\",\"breadcrumb\":{\"@id\":\"https:\\\/\\\/www.mydental.com\\\/dentalplans\\\/#breadcrumb\"},\"inLanguage\":\"es\",\"potentialAction\":[{\"@type\":\"ReadAction\",\"target\":[\"https:\\\/\\\/www.mydental.com\\\/dentalplans\\\/\"]}]},{\"@type\":\"BreadcrumbList\",\"@id\":\"https:\\\/\\\/www.mydental.com\\\/dentalplans\\\/#breadcrumb\",\"itemListElement\":[{\"@type\":\"ListItem\",\"position\":1,\"name\":\"Home\",\"item\":\"https:\\\/\\\/www.mydental.com\\\/\"},{\"@type\":\"ListItem\",\"position\":2,\"name\":\"myDental Plan\"}]},{\"@type\":\"WebSite\",\"@id\":\"https:\\\/\\\/www.mydental.com\\\/#website\",\"url\":\"https:\\\/\\\/www.mydental.com\\\/\",\"name\":\"myDental\",\"description\":\"\",\"publisher\":{\"@id\":\"https:\\\/\\\/www.mydental.com\\\/#organization\"},\"potentialAction\":[{\"@type\":\"SearchAction\",\"target\":{\"@type\":\"EntryPoint\",\"urlTemplate\":\"https:\\\/\\\/www.mydental.com\\\/?s={search_term_string}\"},\"query-input\":{\"@type\":\"PropertyValueSpecification\",\"valueRequired\":true,\"valueName\":\"search_term_string\"}}],\"inLanguage\":\"es\"},{\"@type\":\"Organization\",\"@id\":\"https:\\\/\\\/www.mydental.com\\\/#organization\",\"name\":\"myDental\",\"url\":\"https:\\\/\\\/www.mydental.com\\\/\",\"logo\":{\"@type\":\"ImageObject\",\"inLanguage\":\"es\",\"@id\":\"https:\\\/\\\/www.mydental.com\\\/#\\\/schema\\\/logo\\\/image\\\/\",\"url\":\"https:\\\/\\\/www.mydental.com\\\/wp-content\\\/uploads\\\/2024\\\/05\\\/cropped-myDental-logo-r.png\",\"contentUrl\":\"https:\\\/\\\/www.mydental.com\\\/wp-content\\\/uploads\\\/2024\\\/05\\\/cropped-myDental-logo-r.png\",\"width\":762,\"height\":139,\"caption\":\"myDental\"},\"image\":{\"@id\":\"https:\\\/\\\/www.mydental.com\\\/#\\\/schema\\\/logo\\\/image\\\/\"}}]}<\/script>\n<!-- \/ Yoast SEO plugin. -->","yoast_head_json":{"title":"\u00bfPlan de suscripci\u00f3n dental? myDental","description":"\u00danase hoy mismo a nuestro plan de suscripci\u00f3n dental y disfrute de limpiezas, ex\u00e1menes y radiograf\u00edas gratis, pruebas de detecci\u00f3n de c\u00e1ncer bucal y \u00a1un descuento de 25% en todos los dem\u00e1s servicios dentales! Ll\u00e1menos al (512) 815-2524 o vis\u00edtenos en 13000 N Interstate Hwy 35, Suite 206, Austin, TX 78753.","robots":{"index":"index","follow":"follow","max-snippet":"max-snippet:-1","max-image-preview":"max-image-preview:large","max-video-preview":"max-video-preview:-1"},"canonical":"https:\/\/www.mydental.com\/es\/dentalplans\/","og_locale":"es_MX","og_type":"article","og_title":"Dental Subscription Plan ? myDental","og_description":"Join our dental subscription plan today and enjoy free cleanings, exams and x-rays, oral cancer screenings, plus 25% off all other dental services! Contact us at (512) 815-2524 or visit us at 13000 N Interstate Hwy 35, Suite 206, Austin TX 78753","og_url":"https:\/\/www.mydental.com\/es\/dentalplans\/","og_site_name":"myDental","article_modified_time":"2023-06-16T03:32:46+00:00","twitter_card":"summary_large_image","schema":{"@context":"https:\/\/schema.org","@graph":[{"@type":"WebPage","@id":"https:\/\/www.mydental.com\/dentalplans\/","url":"https:\/\/www.mydental.com\/dentalplans\/","name":"\u00bfPlan de suscripci\u00f3n dental? myDental","isPartOf":{"@id":"https:\/\/www.mydental.com\/#website"},"datePublished":"2023-06-16T03:25:21+00:00","dateModified":"2023-06-16T03:32:46+00:00","description":"\u00danase hoy mismo a nuestro plan de suscripci\u00f3n dental y disfrute de limpiezas, ex\u00e1menes y radiograf\u00edas gratis, pruebas de detecci\u00f3n de c\u00e1ncer bucal y \u00a1un descuento de 25% en todos los dem\u00e1s servicios dentales! Ll\u00e1menos al (512) 815-2524 o vis\u00edtenos en 13000 N Interstate Hwy 35, Suite 206, Austin, TX 78753.","breadcrumb":{"@id":"https:\/\/www.mydental.com\/dentalplans\/#breadcrumb"},"inLanguage":"es","potentialAction":[{"@type":"ReadAction","target":["https:\/\/www.mydental.com\/dentalplans\/"]}]},{"@type":"BreadcrumbList","@id":"https:\/\/www.mydental.com\/dentalplans\/#breadcrumb","itemListElement":[{"@type":"ListItem","position":1,"name":"Home","item":"https:\/\/www.mydental.com\/"},{"@type":"ListItem","position":2,"name":"myDental Plan"}]},{"@type":"WebSite","@id":"https:\/\/www.mydental.com\/#website","url":"https:\/\/www.mydental.com\/","name":"miDental","description":"","publisher":{"@id":"https:\/\/www.mydental.com\/#organization"},"potentialAction":[{"@type":"SearchAction","target":{"@type":"EntryPoint","urlTemplate":"https:\/\/www.mydental.com\/?s={search_term_string}"},"query-input":{"@type":"PropertyValueSpecification","valueRequired":true,"valueName":"search_term_string"}}],"inLanguage":"es"},{"@type":"Organization","@id":"https:\/\/www.mydental.com\/#organization","name":"miDental","url":"https:\/\/www.mydental.com\/","logo":{"@type":"ImageObject","inLanguage":"es","@id":"https:\/\/www.mydental.com\/#\/schema\/logo\/image\/","url":"https:\/\/www.mydental.com\/wp-content\/uploads\/2024\/05\/cropped-myDental-logo-r.png","contentUrl":"https:\/\/www.mydental.com\/wp-content\/uploads\/2024\/05\/cropped-myDental-logo-r.png","width":762,"height":139,"caption":"myDental"},"image":{"@id":"https:\/\/www.mydental.com\/#\/schema\/logo\/image\/"}}]}},"_links":{"self":[{"href":"https:\/\/www.mydental.com\/es\/wp-json\/wp\/v2\/pages\/1496","targetHints":{"allow":["GET"]}}],"collection":[{"href":"https:\/\/www.mydental.com\/es\/wp-json\/wp\/v2\/pages"}],"about":[{"href":"https:\/\/www.mydental.com\/es\/wp-json\/wp\/v2\/types\/page"}],"author":[{"embeddable":true,"href":"https:\/\/www.mydental.com\/es\/wp-json\/wp\/v2\/users\/6"}],"replies":[{"embeddable":true,"href":"https:\/\/www.mydental.com\/es\/wp-json\/wp\/v2\/comments?post=1496"}],"version-history":[{"count":0,"href":"https:\/\/www.mydental.com\/es\/wp-json\/wp\/v2\/pages\/1496\/revisions"}],"wp:attachment":[{"href":"https:\/\/www.mydental.com\/es\/wp-json\/wp\/v2\/media?parent=1496"}],"curies":[{"name":"wp","href":"https:\/\/api.w.org\/{rel}","templated":true}]}}