{"id":139,"date":"2018-02-21T18:39:02","date_gmt":"2018-02-22T00:39:02","guid":{"rendered":"https:\/\/mydentalatx.wpengine.com\/?page_id=139"},"modified":"2026-02-16T13:04:24","modified_gmt":"2026-02-16T19:04:24","slug":"lugares","status":"publish","type":"page","link":"https:\/\/www.mydental.com\/es\/locations\/","title":{"rendered":"Ubicaciones"},"content":{"rendered":"<p>Desde el momento en que entras, cada consultorio myDental est\u00e1 dise\u00f1ado para que te sientas acogedor. Esto es lo que puedes esperar en cualquier ubicaci\u00f3n:<\/p>\n<ul>\n<li><strong>Equipos biling\u00fces y amigables<\/strong> \u2013 Nuestro personal le da la bienvenida c\u00e1lidamente, le explica cada paso y se asegura de que se sienta c\u00f3modo durante toda su visita.<\/li>\n<li><strong>Tecnolog\u00eda moderna<\/strong> \u2013 radiograf\u00edas digitales, salas de tratamiento actualizadas y las \u00faltimas herramientas para diagn\u00f3sticos precisos y una atenci\u00f3n eficiente.<\/li>\n<li><strong>Precios transparentes<\/strong> Planes de tratamiento claros con costos justos. Sin sorpresas ni presiones.<\/li>\n<li><strong>Emergencias el mismo d\u00eda<\/strong> \u00bfNecesita una cita urgente? Ofrecemos citas para el mismo d\u00eda en todas las oficinas.<\/li>\n<li><strong>Seguros y financiaci\u00f3n<\/strong> \u2013 Aceptamos la mayor\u00eda de los planes PPO, ofrecemos financiamiento flexible y tenemos el Plan de Atenci\u00f3n Dental myDental para pacientes sin seguro.<\/li>\n<\/ul>","protected":false},"excerpt":{"rendered":"<p>From the moment you walk in, every myDental office is designed to feel welcoming. Here is what you can count on at any location: Bilingual, friendly teams &ndash; our staff greets you warmly, explains every step, and makes sure you are comfortable throughout your visit. Modern technology &ndash; digital X-rays, updated treatment rooms, and the [&#8230;]<\/p>\n<p><a class=\"btn btn-secondary understrap-read-more-link\" href=\"https:\/\/www.mydental.com\/es\/locations\/\">Read More&#8230;<\/a><\/p>\n","protected":false},"author":6,"featured_media":0,"parent":0,"menu_order":20,"comment_status":"closed","ping_status":"closed","template":"page-templates\/locations-hub.php","meta":{"_acf_changed":false,"footnotes":""},"class_list":["post-139","page","type-page","status-publish","hentry","locations-anderson-mill","locations-ben-white","locations-elgin","locations-georgetown","locations-manor","locations-norwood-park","locations-round-rock","locations-san-marcos","locations-tech-ridge"],"acf":[],"yoast_head":"<!-- This site is optimized with the Yoast SEO plugin v27.3 - https:\/\/yoast.com\/product\/yoast-seo-wordpress\/ -->\n<title>myDental Locations ? Dental Offices Across Texas<\/title>\n<meta name=\"description\" content=\"Find a myDental office near you. Multiple Central Texas locations with bilingual teams, modern technology, flexible financing, and 4.8\/5 patient rating. Schedule your visit.\" \/>\n<meta name=\"robots\" content=\"index, follow, max-snippet:-1, max-image-preview:large, max-video-preview:-1\" \/>\n<link rel=\"canonical\" href=\"https:\/\/www.mydental.com\/es\/lugares\/\" \/>\n<meta property=\"og:locale\" content=\"es_MX\" \/>\n<meta property=\"og:type\" content=\"article\" \/>\n<meta property=\"og:title\" content=\"myDental Locations ? Dental Offices Across Texas\" \/>\n<meta property=\"og:description\" content=\"Find a myDental office near you. Multiple Central Texas locations with bilingual teams, modern technology, flexible financing, and 4.8\/5 patient rating. Schedule your visit.\" \/>\n<meta property=\"og:url\" content=\"https:\/\/www.mydental.com\/es\/lugares\/\" \/>\n<meta property=\"og:site_name\" content=\"myDental\" \/>\n<meta property=\"article:modified_time\" content=\"2026-02-16T19:04:24+00:00\" \/>\n<meta name=\"twitter:card\" content=\"summary_large_image\" \/>\n<script type=\"application\/ld+json\" class=\"yoast-schema-graph\">{\"@context\":\"https:\\\/\\\/schema.org\",\"@graph\":[{\"@type\":\"WebPage\",\"@id\":\"https:\\\/\\\/www.mydental.com\\\/locations\\\/\",\"url\":\"https:\\\/\\\/www.mydental.com\\\/locations\\\/\",\"name\":\"myDental Locations ? Dental Offices Across Texas\",\"isPartOf\":{\"@id\":\"https:\\\/\\\/www.mydental.com\\\/#website\"},\"datePublished\":\"2018-02-22T00:39:02+00:00\",\"dateModified\":\"2026-02-16T19:04:24+00:00\",\"description\":\"Find a myDental office near you. Multiple Central Texas locations with bilingual teams, modern technology, flexible financing, and 4.8\\\/5 patient rating. Schedule your visit.\",\"breadcrumb\":{\"@id\":\"https:\\\/\\\/www.mydental.com\\\/locations\\\/#breadcrumb\"},\"inLanguage\":\"es\",\"potentialAction\":[{\"@type\":\"ReadAction\",\"target\":[\"https:\\\/\\\/www.mydental.com\\\/locations\\\/\"]}]},{\"@type\":\"BreadcrumbList\",\"@id\":\"https:\\\/\\\/www.mydental.com\\\/locations\\\/#breadcrumb\",\"itemListElement\":[{\"@type\":\"ListItem\",\"position\":1,\"name\":\"Home\",\"item\":\"https:\\\/\\\/www.mydental.com\\\/\"},{\"@type\":\"ListItem\",\"position\":2,\"name\":\"Locations\"}]},{\"@type\":\"WebSite\",\"@id\":\"https:\\\/\\\/www.mydental.com\\\/#website\",\"url\":\"https:\\\/\\\/www.mydental.com\\\/\",\"name\":\"myDental\",\"description\":\"\",\"publisher\":{\"@id\":\"https:\\\/\\\/www.mydental.com\\\/#organization\"},\"potentialAction\":[{\"@type\":\"SearchAction\",\"target\":{\"@type\":\"EntryPoint\",\"urlTemplate\":\"https:\\\/\\\/www.mydental.com\\\/?s={search_term_string}\"},\"query-input\":{\"@type\":\"PropertyValueSpecification\",\"valueRequired\":true,\"valueName\":\"search_term_string\"}}],\"inLanguage\":\"es\"},{\"@type\":\"Organization\",\"@id\":\"https:\\\/\\\/www.mydental.com\\\/#organization\",\"name\":\"myDental\",\"url\":\"https:\\\/\\\/www.mydental.com\\\/\",\"logo\":{\"@type\":\"ImageObject\",\"inLanguage\":\"es\",\"@id\":\"https:\\\/\\\/www.mydental.com\\\/#\\\/schema\\\/logo\\\/image\\\/\",\"url\":\"https:\\\/\\\/www.mydental.com\\\/wp-content\\\/uploads\\\/2024\\\/05\\\/cropped-myDental-logo-r.png\",\"contentUrl\":\"https:\\\/\\\/www.mydental.com\\\/wp-content\\\/uploads\\\/2024\\\/05\\\/cropped-myDental-logo-r.png\",\"width\":762,\"height\":139,\"caption\":\"myDental\"},\"image\":{\"@id\":\"https:\\\/\\\/www.mydental.com\\\/#\\\/schema\\\/logo\\\/image\\\/\"}}]}<\/script>\n<!-- \/ Yoast SEO plugin. -->","yoast_head_json":{"title":"Ubicaciones de myDental: consultorios dentales en todo Texas","description":"Encuentre una cl\u00ednica myDental cerca de usted. Varias ubicaciones en el centro de Texas con equipos biling\u00fces, tecnolog\u00eda moderna, financiamiento flexible y una calificaci\u00f3n de 4.8\/5. Programe su visita.","robots":{"index":"index","follow":"follow","max-snippet":"max-snippet:-1","max-image-preview":"max-image-preview:large","max-video-preview":"max-video-preview:-1"},"canonical":"https:\/\/www.mydental.com\/es\/lugares\/","og_locale":"es_MX","og_type":"article","og_title":"myDental Locations ? Dental Offices Across Texas","og_description":"Find a myDental office near you. Multiple Central Texas locations with bilingual teams, modern technology, flexible financing, and 4.8\/5 patient rating. Schedule your visit.","og_url":"https:\/\/www.mydental.com\/es\/lugares\/","og_site_name":"myDental","article_modified_time":"2026-02-16T19:04:24+00:00","twitter_card":"summary_large_image","schema":{"@context":"https:\/\/schema.org","@graph":[{"@type":"WebPage","@id":"https:\/\/www.mydental.com\/locations\/","url":"https:\/\/www.mydental.com\/locations\/","name":"Ubicaciones de myDental: consultorios dentales en todo Texas","isPartOf":{"@id":"https:\/\/www.mydental.com\/#website"},"datePublished":"2018-02-22T00:39:02+00:00","dateModified":"2026-02-16T19:04:24+00:00","description":"Encuentre una cl\u00ednica myDental cerca de usted. Varias ubicaciones en el centro de Texas con equipos biling\u00fces, tecnolog\u00eda moderna, financiamiento flexible y una calificaci\u00f3n de 4.8\/5. Programe su visita.","breadcrumb":{"@id":"https:\/\/www.mydental.com\/locations\/#breadcrumb"},"inLanguage":"es","potentialAction":[{"@type":"ReadAction","target":["https:\/\/www.mydental.com\/locations\/"]}]},{"@type":"BreadcrumbList","@id":"https:\/\/www.mydental.com\/locations\/#breadcrumb","itemListElement":[{"@type":"ListItem","position":1,"name":"Home","item":"https:\/\/www.mydental.com\/"},{"@type":"ListItem","position":2,"name":"Locations"}]},{"@type":"WebSite","@id":"https:\/\/www.mydental.com\/#website","url":"https:\/\/www.mydental.com\/","name":"miDental","description":"","publisher":{"@id":"https:\/\/www.mydental.com\/#organization"},"potentialAction":[{"@type":"SearchAction","target":{"@type":"EntryPoint","urlTemplate":"https:\/\/www.mydental.com\/?s={search_term_string}"},"query-input":{"@type":"PropertyValueSpecification","valueRequired":true,"valueName":"search_term_string"}}],"inLanguage":"es"},{"@type":"Organization","@id":"https:\/\/www.mydental.com\/#organization","name":"miDental","url":"https:\/\/www.mydental.com\/","logo":{"@type":"ImageObject","inLanguage":"es","@id":"https:\/\/www.mydental.com\/#\/schema\/logo\/image\/","url":"https:\/\/www.mydental.com\/wp-content\/uploads\/2024\/05\/cropped-myDental-logo-r.png","contentUrl":"https:\/\/www.mydental.com\/wp-content\/uploads\/2024\/05\/cropped-myDental-logo-r.png","width":762,"height":139,"caption":"myDental"},"image":{"@id":"https:\/\/www.mydental.com\/#\/schema\/logo\/image\/"}}]}},"_links":{"self":[{"href":"https:\/\/www.mydental.com\/es\/wp-json\/wp\/v2\/pages\/139","targetHints":{"allow":["GET"]}}],"collection":[{"href":"https:\/\/www.mydental.com\/es\/wp-json\/wp\/v2\/pages"}],"about":[{"href":"https:\/\/www.mydental.com\/es\/wp-json\/wp\/v2\/types\/page"}],"author":[{"embeddable":true,"href":"https:\/\/www.mydental.com\/es\/wp-json\/wp\/v2\/users\/6"}],"replies":[{"embeddable":true,"href":"https:\/\/www.mydental.com\/es\/wp-json\/wp\/v2\/comments?post=139"}],"version-history":[{"count":5,"href":"https:\/\/www.mydental.com\/es\/wp-json\/wp\/v2\/pages\/139\/revisions"}],"predecessor-version":[{"id":1929,"href":"https:\/\/www.mydental.com\/es\/wp-json\/wp\/v2\/pages\/139\/revisions\/1929"}],"wp:attachment":[{"href":"https:\/\/www.mydental.com\/es\/wp-json\/wp\/v2\/media?parent=139"}],"curies":[{"name":"wp","href":"https:\/\/api.w.org\/{rel}","templated":true}]}}