{"id":122,"date":"2018-02-21T18:35:12","date_gmt":"2018-02-22T00:35:12","guid":{"rendered":"https:\/\/mydentalatx.wpengine.com\/?page_id=122"},"modified":"2024-07-31T12:34:00","modified_gmt":"2024-07-31T17:34:00","slug":"acerca-de-nosotros","status":"publish","type":"page","link":"https:\/\/www.mydental.com\/es\/about-us\/","title":{"rendered":"Sobre nosotros"},"content":{"rendered":"<div class=\"yoast-breadcrumbs\"><span><span><a href=\"https:\/\/www.mydental.com\/es\/\">Hogar<\/a><\/span> \u00bb <span class=\"breadcrumb_last\" aria-current=\"page\">Sobre nosotros<\/span><\/span><\/div>\n\n<h1 style=\"text-align: center;\"><strong>\u00a1Bienvenido a myDental!<\/strong><\/h1>\n<p>En myDental, somos m\u00e1s que una cl\u00ednica dental; somos una comunidad dedicada a mejorar la calidad de vida a trav\u00e9s de una atenci\u00f3n odontol\u00f3gica integral y de vanguardia. Nuestra misi\u00f3n es maximizar la salud y la confianza de nuestros pacientes, ofreci\u00e9ndoles servicios excepcionales en un ambiente c\u00f3modo y acogedor.<\/p>\n<h4 style=\"text-align: center;\"><strong>Para nuestros pacientes<\/strong><\/h4>\n<p>Creemos en brindar a cada paciente una atenci\u00f3n personalizada. Nuestro equipo de profesionales dedicados utiliza la tecnolog\u00eda m\u00e1s avanzada y pr\u00e1cticas innovadoras para garantizarle los mejores resultados en cada visita. Su salud, comodidad y satisfacci\u00f3n son nuestra m\u00e1xima prioridad.<\/p>\n<h4 style=\"text-align: center;\"><strong>Para nuestros futuros miembros del equipo<\/strong><\/h4>\n<p>\u00danete a nosotros para transformar la atenci\u00f3n dental. En myDental, encontrar\u00e1s un entorno din\u00e1mico y de apoyo que valora el crecimiento, la creatividad y el compromiso con la excelencia. Capacitamos a nuestros miembros del equipo para que se destaquen en sus funciones y tengan un impacto positivo en la vida de nuestros pacientes.<\/p>\n<h4 style=\"text-align: center;\"><strong>Explora, descubre, sonr\u00ede.<\/strong><\/h4>\n<p>Tanto si buscas una atenci\u00f3n dental de primera como una emocionante oportunidad profesional, en myDental te damos la bienvenida. Visita nuestra p\u00e1gina web para conocer m\u00e1s sobre nuestros servicios, nuestro equipo y c\u00f3mo podemos marcar la diferencia juntos. En myDental, no solo cuidamos sonrisas, \u00a1las creamos!.<\/p>\n<h4 style=\"text-align: center;\"><strong>Nuestra misi\u00f3n<\/strong><\/h4>\n<p>En myDental, nuestra misi\u00f3n es empoderar a las personas para que alcancen una salud dental \u00f3ptima y aumenten su confianza a trav\u00e9s de una atenci\u00f3n odontol\u00f3gica de primer nivel. Nos dedicamos a brindar servicios personalizados y de alta calidad en un ambiente acogedor y confortable. Nuestro objetivo es que cada visita sea una experiencia positiva, garantizando que cada paciente salga con una sonrisa m\u00e1s sana y una renovada seguridad en s\u00ed mismo.<\/p>\n<h4 style=\"text-align: center;\"><strong>Nuestra visi\u00f3n<\/strong><\/h4>\n<p>Nuestra visi\u00f3n es ser l\u00edderes en salud dental, estableciendo los m\u00e1s altos est\u00e1ndares en atenci\u00f3n, innovaci\u00f3n y satisfacci\u00f3n del paciente. Aspiramos a ampliar nuestro alcance, haciendo que los servicios dentales de calidad superior sean accesibles a m\u00e1s comunidades. En myDental, estamos comprometidos con la mejora continua, adoptando las \u00faltimas tecnolog\u00edas y m\u00e9todos para optimizar la salud y el bienestar de nuestros pacientes. Imaginamos un futuro donde todos tengan acceso a una atenci\u00f3n dental excepcional, integral y compasiva.<\/p>\n<h4 style=\"text-align: center;\"><strong>Nuestros valores CARES<\/strong><\/h4>\n<p><strong>Compasi\u00f3n<\/strong>Escuchamos atentamente y respondemos con esmero a las necesidades de nuestros pacientes, fomentando un entorno donde todos se sientan apoyados y valorados.<br \/><strong>Responsabilidad<\/strong>Nos regimos por los m\u00e1s altos est\u00e1ndares de profesionalismo y excelencia cl\u00ednica, garantizando que cumplimos nuestras promesas tanto con los pacientes como con los miembros de nuestro equipo.<br \/><strong>Inventiva<\/strong>Somos innovadores y eficientes, y buscamos continuamente formas m\u00e1s inteligentes de afrontar los retos de la atenci\u00f3n dental y superar las expectativas.<br \/><strong>Compromiso<\/strong>Creemos en el poder de la participaci\u00f3n activa y la comunicaci\u00f3n abierta, tanto dentro de nuestros equipos como con nuestros pacientes, para garantizar que cada interacci\u00f3n sea significativa.<br \/><strong>Estrat\u00e9gico<\/strong>Somos visionarios y planificamos meticulosamente para anticiparnos a las necesidades de nuestros pacientes y adaptarnos al mundo de la atenci\u00f3n m\u00e9dica, que est\u00e1 en constante evoluci\u00f3n.<\/p>\n<p><img loading=\"lazy\" decoding=\"async\" class=\"wp-image-1761 aligncenter\" src=\"https:\/\/www.mydental.com\/wp-content\/uploads\/2024\/04\/myDental-Cares-White-Background-300x37.png\" alt=\"\" width=\"478\" height=\"59\" srcset=\"https:\/\/www.mydental.com\/wp-content\/uploads\/2024\/04\/myDental-Cares-White-Background-300x37.png 300w, https:\/\/www.mydental.com\/wp-content\/uploads\/2024\/04\/myDental-Cares-White-Background-1024x125.png 1024w, https:\/\/www.mydental.com\/wp-content\/uploads\/2024\/04\/myDental-Cares-White-Background-768x94.png 768w, https:\/\/www.mydental.com\/wp-content\/uploads\/2024\/04\/myDental-Cares-White-Background-1536x188.png 1536w, https:\/\/www.mydental.com\/wp-content\/uploads\/2024\/04\/myDental-Cares-White-Background-2048x250.png 2048w, https:\/\/www.mydental.com\/wp-content\/uploads\/2024\/04\/myDental-Cares-White-Background-450x55.png 450w, https:\/\/www.mydental.com\/wp-content\/uploads\/2024\/04\/myDental-Cares-White-Background-1200x147.png 1200w, https:\/\/www.mydental.com\/wp-content\/uploads\/2024\/04\/myDental-Cares-White-Background-2000x244.png 2000w\" sizes=\"auto, (max-width: 478px) 100vw, 478px\" \/><\/p>\n<h4 style=\"text-align: center;\"><strong>\u00danete a nosotros en tu camino hacia una sonrisa m\u00e1s sana.<\/strong><\/h4>\n<p>En myDental, somos m\u00e1s que una cl\u00ednica dental; somos un aliado para tu salud y bienestar. Cada sonrisa que cuidamos recibe un trato excepcional, con la m\u00e1xima dedicaci\u00f3n y compasi\u00f3n. Te invitamos a experimentar la diferencia myDental, donde tu salud, comodidad y confianza son nuestra m\u00e1xima prioridad.<\/p>\n<p>Tanto si buscas mejorar tu sonrisa, como si necesitas una atenci\u00f3n dental integral o te interesa unirte a nuestro din\u00e1mico equipo, en myDental te recibimos con los brazos abiertos. Descubre nuestros servicios y perm\u00edtenos ayudarte a dar el primer paso hacia una vida m\u00e1s sana y segura.<\/p>\n<p><strong>Cont\u00e1ctanos hoy<\/strong> Para programar tu cita o para obtener m\u00e1s informaci\u00f3n sobre las oportunidades laborales en myDental, \u00a1juntos podemos crear sonrisas que no solo se vean bien, sino que tambi\u00e9n se sientan bien!<\/p>","protected":false},"excerpt":{"rendered":"<p>Welcome to myDental ! At myDental, we are more than just a dental practice; we are a community dedicated to enriching lives through comprehensive, cutting-edge dental care. Our mission is to maximize the health and confidence of our patients by delivering exceptional services in a comfortable and welcoming environment. For Our Patients We believe in [&#8230;]<\/p>\n<p><a class=\"btn btn-secondary understrap-read-more-link\" href=\"https:\/\/www.mydental.com\/es\/about-us\/\">Read More&#8230;<\/a><\/p>\n","protected":false},"author":6,"featured_media":761,"parent":0,"menu_order":5,"comment_status":"closed","ping_status":"closed","template":"page-templates\/about-us-page.php","meta":{"_acf_changed":false,"footnotes":""},"class_list":["post-122","page","type-page","status-publish","has-post-thumbnail","hentry"],"acf":[],"yoast_head":"<!-- This site is optimized with the Yoast SEO plugin v27.3 - https:\/\/yoast.com\/product\/yoast-seo-wordpress\/ -->\n<title>About myDental | Dentist-Owned Dental Care in Central Texas<\/title>\n<meta name=\"description\" content=\"Learn about myDental \u2014 a 100% dentist-owned practice with 9 Central Texas locations. Meet our doctors, explore our CARES values, and find your dental home.\" \/>\n<meta name=\"robots\" content=\"index, follow, max-snippet:-1, max-image-preview:large, max-video-preview:-1\" \/>\n<link rel=\"canonical\" href=\"https:\/\/www.mydental.com\/es\/acerca-de-nosotros\/\" \/>\n<meta property=\"og:locale\" content=\"es_MX\" \/>\n<meta property=\"og:type\" content=\"article\" \/>\n<meta property=\"og:title\" content=\"About myDental | Dentist-Owned Dental Care in Central Texas\" \/>\n<meta property=\"og:description\" content=\"Learn about myDental \u2014 a 100% dentist-owned practice with 9 Central Texas locations. Meet our doctors, explore our CARES values, and find your dental home.\" \/>\n<meta property=\"og:url\" content=\"https:\/\/www.mydental.com\/es\/acerca-de-nosotros\/\" \/>\n<meta property=\"og:site_name\" content=\"myDental\" \/>\n<meta property=\"article:modified_time\" content=\"2024-07-31T17:34:00+00:00\" \/>\n<meta property=\"og:image\" content=\"https:\/\/www.mydental.com\/wp-content\/uploads\/about-us\/hero.webp\" \/>\n<meta name=\"twitter:card\" content=\"summary_large_image\" \/>\n<meta name=\"twitter:label1\" content=\"Tiempo de lectura\" \/>\n\t<meta name=\"twitter:data1\" content=\"3 minutos\" \/>\n<script type=\"application\/ld+json\" class=\"yoast-schema-graph\">{\"@context\":\"https:\\\/\\\/schema.org\",\"@graph\":[{\"@type\":\"WebPage\",\"@id\":\"https:\\\/\\\/www.mydental.com\\\/about-us\\\/\",\"url\":\"https:\\\/\\\/www.mydental.com\\\/about-us\\\/\",\"name\":\"About myDental | Dentist-Owned Dental Care in Central Texas\",\"isPartOf\":{\"@id\":\"https:\\\/\\\/www.mydental.com\\\/#website\"},\"primaryImageOfPage\":{\"@id\":\"https:\\\/\\\/www.mydental.com\\\/about-us\\\/#primaryimage\"},\"image\":{\"@id\":\"https:\\\/\\\/www.mydental.com\\\/about-us\\\/#primaryimage\"},\"thumbnailUrl\":\"https:\\\/\\\/www.mydental.com\\\/wp-content\\\/uploads\\\/2019\\\/05\\\/dentist-austin-texas-myDental-23.jpg\",\"datePublished\":\"2018-02-22T00:35:12+00:00\",\"dateModified\":\"2024-07-31T17:34:00+00:00\",\"description\":\"Learn about myDental \u2014 a 100% dentist-owned practice with 9 Central Texas locations. Meet our doctors, explore our CARES values, and find your dental home.\",\"breadcrumb\":{\"@id\":\"https:\\\/\\\/www.mydental.com\\\/about-us\\\/#breadcrumb\"},\"inLanguage\":\"es\",\"potentialAction\":[{\"@type\":\"ReadAction\",\"target\":[\"https:\\\/\\\/www.mydental.com\\\/about-us\\\/\"]}]},{\"@type\":\"ImageObject\",\"inLanguage\":\"es\",\"@id\":\"https:\\\/\\\/www.mydental.com\\\/about-us\\\/#primaryimage\",\"url\":\"https:\\\/\\\/www.mydental.com\\\/wp-content\\\/uploads\\\/2019\\\/05\\\/dentist-austin-texas-myDental-23.jpg\",\"contentUrl\":\"https:\\\/\\\/www.mydental.com\\\/wp-content\\\/uploads\\\/2019\\\/05\\\/dentist-austin-texas-myDental-23.jpg\",\"width\":3200,\"height\":1800,\"caption\":\"about the myDental team of austin dentists\"},{\"@type\":\"BreadcrumbList\",\"@id\":\"https:\\\/\\\/www.mydental.com\\\/about-us\\\/#breadcrumb\",\"itemListElement\":[{\"@type\":\"ListItem\",\"position\":1,\"name\":\"Home\",\"item\":\"https:\\\/\\\/www.mydental.com\\\/\"},{\"@type\":\"ListItem\",\"position\":2,\"name\":\"About Us\"}]},{\"@type\":\"WebSite\",\"@id\":\"https:\\\/\\\/www.mydental.com\\\/#website\",\"url\":\"https:\\\/\\\/www.mydental.com\\\/\",\"name\":\"myDental\",\"description\":\"\",\"publisher\":{\"@id\":\"https:\\\/\\\/www.mydental.com\\\/#organization\"},\"potentialAction\":[{\"@type\":\"SearchAction\",\"target\":{\"@type\":\"EntryPoint\",\"urlTemplate\":\"https:\\\/\\\/www.mydental.com\\\/?s={search_term_string}\"},\"query-input\":{\"@type\":\"PropertyValueSpecification\",\"valueRequired\":true,\"valueName\":\"search_term_string\"}}],\"inLanguage\":\"es\"},{\"@type\":\"Organization\",\"@id\":\"https:\\\/\\\/www.mydental.com\\\/#organization\",\"name\":\"myDental\",\"url\":\"https:\\\/\\\/www.mydental.com\\\/\",\"logo\":{\"@type\":\"ImageObject\",\"inLanguage\":\"es\",\"@id\":\"https:\\\/\\\/www.mydental.com\\\/#\\\/schema\\\/logo\\\/image\\\/\",\"url\":\"https:\\\/\\\/www.mydental.com\\\/wp-content\\\/uploads\\\/2024\\\/05\\\/cropped-myDental-logo-r.png\",\"contentUrl\":\"https:\\\/\\\/www.mydental.com\\\/wp-content\\\/uploads\\\/2024\\\/05\\\/cropped-myDental-logo-r.png\",\"width\":762,\"height\":139,\"caption\":\"myDental\"},\"image\":{\"@id\":\"https:\\\/\\\/www.mydental.com\\\/#\\\/schema\\\/logo\\\/image\\\/\"}}]}<\/script>\n<!-- \/ Yoast SEO plugin. -->","yoast_head_json":{"title":"Acerca de myDental | Servicios dentales en el centro de Texas","description":"Conozca myDental, una cl\u00ednica dental 100% con 9 sucursales en el centro de Texas. Conozca a nuestros m\u00e9dicos, explore nuestros valores CARES y encuentre su cl\u00ednica dental ideal.","robots":{"index":"index","follow":"follow","max-snippet":"max-snippet:-1","max-image-preview":"max-image-preview:large","max-video-preview":"max-video-preview:-1"},"canonical":"https:\/\/www.mydental.com\/es\/acerca-de-nosotros\/","og_locale":"es_MX","og_type":"article","og_title":"About myDental | Dentist-Owned Dental Care in Central Texas","og_description":"Learn about myDental \u2014 a 100% dentist-owned practice with 9 Central Texas locations. Meet our doctors, explore our CARES values, and find your dental home.","og_url":"https:\/\/www.mydental.com\/es\/acerca-de-nosotros\/","og_site_name":"myDental","article_modified_time":"2024-07-31T17:34:00+00:00","og_image":[{"url":"https:\/\/www.mydental.com\/wp-content\/uploads\/about-us\/hero.webp","type":"","width":"","height":""}],"twitter_card":"summary_large_image","twitter_misc":{"Tiempo de lectura":"3 minutos"},"schema":{"@context":"https:\/\/schema.org","@graph":[{"@type":"WebPage","@id":"https:\/\/www.mydental.com\/about-us\/","url":"https:\/\/www.mydental.com\/about-us\/","name":"Acerca de myDental | Servicios dentales en el centro de Texas","isPartOf":{"@id":"https:\/\/www.mydental.com\/#website"},"primaryImageOfPage":{"@id":"https:\/\/www.mydental.com\/about-us\/#primaryimage"},"image":{"@id":"https:\/\/www.mydental.com\/about-us\/#primaryimage"},"thumbnailUrl":"https:\/\/www.mydental.com\/wp-content\/uploads\/2019\/05\/dentist-austin-texas-myDental-23.jpg","datePublished":"2018-02-22T00:35:12+00:00","dateModified":"2024-07-31T17:34:00+00:00","description":"Conozca myDental, una cl\u00ednica dental 100% con 9 sucursales en el centro de Texas. Conozca a nuestros m\u00e9dicos, explore nuestros valores CARES y encuentre su cl\u00ednica dental ideal.","breadcrumb":{"@id":"https:\/\/www.mydental.com\/about-us\/#breadcrumb"},"inLanguage":"es","potentialAction":[{"@type":"ReadAction","target":["https:\/\/www.mydental.com\/about-us\/"]}]},{"@type":"ImageObject","inLanguage":"es","@id":"https:\/\/www.mydental.com\/about-us\/#primaryimage","url":"https:\/\/www.mydental.com\/wp-content\/uploads\/2019\/05\/dentist-austin-texas-myDental-23.jpg","contentUrl":"https:\/\/www.mydental.com\/wp-content\/uploads\/2019\/05\/dentist-austin-texas-myDental-23.jpg","width":3200,"height":1800,"caption":"about the myDental team of austin dentists"},{"@type":"BreadcrumbList","@id":"https:\/\/www.mydental.com\/about-us\/#breadcrumb","itemListElement":[{"@type":"ListItem","position":1,"name":"Home","item":"https:\/\/www.mydental.com\/"},{"@type":"ListItem","position":2,"name":"About Us"}]},{"@type":"WebSite","@id":"https:\/\/www.mydental.com\/#website","url":"https:\/\/www.mydental.com\/","name":"miDental","description":"","publisher":{"@id":"https:\/\/www.mydental.com\/#organization"},"potentialAction":[{"@type":"SearchAction","target":{"@type":"EntryPoint","urlTemplate":"https:\/\/www.mydental.com\/?s={search_term_string}"},"query-input":{"@type":"PropertyValueSpecification","valueRequired":true,"valueName":"search_term_string"}}],"inLanguage":"es"},{"@type":"Organization","@id":"https:\/\/www.mydental.com\/#organization","name":"miDental","url":"https:\/\/www.mydental.com\/","logo":{"@type":"ImageObject","inLanguage":"es","@id":"https:\/\/www.mydental.com\/#\/schema\/logo\/image\/","url":"https:\/\/www.mydental.com\/wp-content\/uploads\/2024\/05\/cropped-myDental-logo-r.png","contentUrl":"https:\/\/www.mydental.com\/wp-content\/uploads\/2024\/05\/cropped-myDental-logo-r.png","width":762,"height":139,"caption":"myDental"},"image":{"@id":"https:\/\/www.mydental.com\/#\/schema\/logo\/image\/"}}]}},"_links":{"self":[{"href":"https:\/\/www.mydental.com\/es\/wp-json\/wp\/v2\/pages\/122","targetHints":{"allow":["GET"]}}],"collection":[{"href":"https:\/\/www.mydental.com\/es\/wp-json\/wp\/v2\/pages"}],"about":[{"href":"https:\/\/www.mydental.com\/es\/wp-json\/wp\/v2\/types\/page"}],"author":[{"embeddable":true,"href":"https:\/\/www.mydental.com\/es\/wp-json\/wp\/v2\/users\/6"}],"replies":[{"embeddable":true,"href":"https:\/\/www.mydental.com\/es\/wp-json\/wp\/v2\/comments?post=122"}],"version-history":[{"count":5,"href":"https:\/\/www.mydental.com\/es\/wp-json\/wp\/v2\/pages\/122\/revisions"}],"predecessor-version":[{"id":2014,"href":"https:\/\/www.mydental.com\/es\/wp-json\/wp\/v2\/pages\/122\/revisions\/2014"}],"wp:featuredmedia":[{"embeddable":true,"href":"https:\/\/www.mydental.com\/es\/wp-json\/wp\/v2\/media\/761"}],"wp:attachment":[{"href":"https:\/\/www.mydental.com\/es\/wp-json\/wp\/v2\/media?parent=122"}],"curies":[{"name":"wp","href":"https:\/\/api.w.org\/{rel}","templated":true}]}}