{"id":10345,"date":"2026-05-10T12:00:00","date_gmt":"2026-05-10T17:00:00","guid":{"rendered":"https:\/\/www.mydental.local\/?page_id=10345"},"modified":"2026-05-10T12:00:00","modified_gmt":"2026-05-10T17:00:00","slug":"kyle","status":"publish","type":"page","link":"https:\/\/www.mydental.com\/es\/locations\/kyle\/","title":{"rendered":"Kyle"},"content":{"rendered":"","protected":false},"excerpt":{"rendered":"<p> [&#8230;]<\/p>\n<p><a class=\"btn btn-secondary understrap-read-more-link\" href=\"https:\/\/www.mydental.com\/es\/locations\/kyle\/\">Read More&#8230;<\/a><\/p>\n","protected":false},"author":6,"featured_media":0,"parent":139,"menu_order":0,"comment_status":"closed","ping_status":"closed","template":"page-templates\/location-single.php","meta":{"_acf_changed":false,"footnotes":""},"class_list":["post-10345","page","type-page","status-publish","hentry","locations-kyle"],"acf":[],"yoast_head":"<!-- This site is optimized with the Yoast SEO plugin v27.5 - https:\/\/yoast.com\/product\/yoast-seo-wordpress\/ -->\n<title>Dentist in Kyle, TX | myDental Kyle - Opening Fall 2026<\/title>\n<meta name=\"description\" content=\"Kyle, TX dentist coming Fall 2026 at 19230 IH-35. Family, cosmetic, emergency &amp; implant care for Kyle, Buda, Uhland &amp; Plum Creek. Reserve online!\" \/>\n<meta name=\"robots\" content=\"index, follow, max-snippet:-1, max-image-preview:large, max-video-preview:-1\" \/>\n<link rel=\"canonical\" href=\"https:\/\/www.mydental.com\/es\/lugares\/kyle\/\" \/>\n<meta property=\"og:locale\" content=\"es_MX\" \/>\n<meta property=\"og:type\" content=\"article\" \/>\n<meta property=\"og:title\" content=\"Dentist in Kyle, TX | myDental Kyle - Opening Fall 2026\" \/>\n<meta property=\"og:description\" content=\"Kyle, TX dentist coming Fall 2026 at 19230 IH-35. Family, cosmetic, emergency &amp; implant care for Kyle, Buda, Uhland &amp; Plum Creek. Reserve online!\" \/>\n<meta property=\"og:url\" content=\"https:\/\/www.mydental.com\/es\/lugares\/kyle\/\" \/>\n<meta property=\"og:site_name\" content=\"myDental\" \/>\n<meta name=\"twitter:card\" content=\"summary_large_image\" \/>\n<script type=\"application\/ld+json\" class=\"yoast-schema-graph\">{\"@context\":\"https:\\\/\\\/schema.org\",\"@graph\":[{\"@type\":\"WebPage\",\"@id\":\"https:\\\/\\\/www.mydental.com\\\/locations\\\/kyle\\\/\",\"url\":\"https:\\\/\\\/www.mydental.com\\\/locations\\\/kyle\\\/\",\"name\":\"Dentist in Kyle, TX | myDental Kyle - Opening Fall 2026\",\"isPartOf\":{\"@id\":\"https:\\\/\\\/www.mydental.com\\\/#website\"},\"datePublished\":\"2026-05-10T17:00:00+00:00\",\"description\":\"Kyle, TX dentist coming Fall 2026 at 19230 IH-35. Family, cosmetic, emergency & implant care for Kyle, Buda, Uhland & Plum Creek. Reserve online!\",\"breadcrumb\":{\"@id\":\"https:\\\/\\\/www.mydental.com\\\/locations\\\/kyle\\\/#breadcrumb\"},\"inLanguage\":\"es\",\"potentialAction\":[{\"@type\":\"ReadAction\",\"target\":[\"https:\\\/\\\/www.mydental.com\\\/locations\\\/kyle\\\/\"]}]},{\"@type\":\"BreadcrumbList\",\"@id\":\"https:\\\/\\\/www.mydental.com\\\/locations\\\/kyle\\\/#breadcrumb\",\"itemListElement\":[{\"@type\":\"ListItem\",\"position\":1,\"name\":\"Home\",\"item\":\"https:\\\/\\\/www.mydental.com\\\/\"},{\"@type\":\"ListItem\",\"position\":2,\"name\":\"Locations\",\"item\":\"https:\\\/\\\/www.mydental.com\\\/locations\\\/\"},{\"@type\":\"ListItem\",\"position\":3,\"name\":\"Kyle\"}]},{\"@type\":\"WebSite\",\"@id\":\"https:\\\/\\\/www.mydental.com\\\/#website\",\"url\":\"https:\\\/\\\/www.mydental.com\\\/\",\"name\":\"myDental\",\"description\":\"\",\"publisher\":{\"@id\":\"https:\\\/\\\/www.mydental.com\\\/#organization\"},\"potentialAction\":[{\"@type\":\"SearchAction\",\"target\":{\"@type\":\"EntryPoint\",\"urlTemplate\":\"https:\\\/\\\/www.mydental.com\\\/?s={search_term_string}\"},\"query-input\":{\"@type\":\"PropertyValueSpecification\",\"valueRequired\":true,\"valueName\":\"search_term_string\"}}],\"inLanguage\":\"es\"},{\"@type\":\"Organization\",\"@id\":\"https:\\\/\\\/www.mydental.com\\\/#organization\",\"name\":\"myDental\",\"url\":\"https:\\\/\\\/www.mydental.com\\\/\",\"logo\":{\"@type\":\"ImageObject\",\"inLanguage\":\"es\",\"@id\":\"https:\\\/\\\/www.mydental.com\\\/#\\\/schema\\\/logo\\\/image\\\/\",\"url\":\"https:\\\/\\\/www.mydental.com\\\/wp-content\\\/uploads\\\/2024\\\/05\\\/cropped-myDental-logo-r.png\",\"contentUrl\":\"https:\\\/\\\/www.mydental.com\\\/wp-content\\\/uploads\\\/2024\\\/05\\\/cropped-myDental-logo-r.png\",\"width\":762,\"height\":139,\"caption\":\"myDental\"},\"image\":{\"@id\":\"https:\\\/\\\/www.mydental.com\\\/#\\\/schema\\\/logo\\\/image\\\/\"}}]}<\/script>\n<!-- \/ Yoast SEO plugin. -->","yoast_head_json":{"title":"Dentista en Kyle, TX | myDental Kyle - Inauguraci\u00f3n en oto\u00f1o de 2026","description":"Dentista en Kyle, TX, abrir\u00e1 sus puertas en oto\u00f1o de 2026 en 19230 IH-35. Atenci\u00f3n familiar, cosm\u00e9tica, de urgencia e implantes para Kyle, Buda, Uhland y Plum Creek. \u00a1Reserve en l\u00ednea!","robots":{"index":"index","follow":"follow","max-snippet":"max-snippet:-1","max-image-preview":"max-image-preview:large","max-video-preview":"max-video-preview:-1"},"canonical":"https:\/\/www.mydental.com\/es\/lugares\/kyle\/","og_locale":"es_MX","og_type":"article","og_title":"Dentist in Kyle, TX | myDental Kyle - Opening Fall 2026","og_description":"Kyle, TX dentist coming Fall 2026 at 19230 IH-35. Family, cosmetic, emergency & implant care for Kyle, Buda, Uhland & Plum Creek. Reserve online!","og_url":"https:\/\/www.mydental.com\/es\/lugares\/kyle\/","og_site_name":"myDental","twitter_card":"summary_large_image","schema":{"@context":"https:\/\/schema.org","@graph":[{"@type":"WebPage","@id":"https:\/\/www.mydental.com\/locations\/kyle\/","url":"https:\/\/www.mydental.com\/locations\/kyle\/","name":"Dentista en Kyle, TX | myDental Kyle - Inauguraci\u00f3n en oto\u00f1o de 2026","isPartOf":{"@id":"https:\/\/www.mydental.com\/#website"},"datePublished":"2026-05-10T17:00:00+00:00","description":"Dentista en Kyle, TX, abrir\u00e1 sus puertas en oto\u00f1o de 2026 en 19230 IH-35. Atenci\u00f3n familiar, cosm\u00e9tica, de urgencia e implantes para Kyle, Buda, Uhland y Plum Creek. \u00a1Reserve en l\u00ednea!","breadcrumb":{"@id":"https:\/\/www.mydental.com\/locations\/kyle\/#breadcrumb"},"inLanguage":"es","potentialAction":[{"@type":"ReadAction","target":["https:\/\/www.mydental.com\/locations\/kyle\/"]}]},{"@type":"BreadcrumbList","@id":"https:\/\/www.mydental.com\/locations\/kyle\/#breadcrumb","itemListElement":[{"@type":"ListItem","position":1,"name":"Home","item":"https:\/\/www.mydental.com\/"},{"@type":"ListItem","position":2,"name":"Locations","item":"https:\/\/www.mydental.com\/locations\/"},{"@type":"ListItem","position":3,"name":"Kyle"}]},{"@type":"WebSite","@id":"https:\/\/www.mydental.com\/#website","url":"https:\/\/www.mydental.com\/","name":"miDental","description":"","publisher":{"@id":"https:\/\/www.mydental.com\/#organization"},"potentialAction":[{"@type":"SearchAction","target":{"@type":"EntryPoint","urlTemplate":"https:\/\/www.mydental.com\/?s={search_term_string}"},"query-input":{"@type":"PropertyValueSpecification","valueRequired":true,"valueName":"search_term_string"}}],"inLanguage":"es"},{"@type":"Organization","@id":"https:\/\/www.mydental.com\/#organization","name":"miDental","url":"https:\/\/www.mydental.com\/","logo":{"@type":"ImageObject","inLanguage":"es","@id":"https:\/\/www.mydental.com\/#\/schema\/logo\/image\/","url":"https:\/\/www.mydental.com\/wp-content\/uploads\/2024\/05\/cropped-myDental-logo-r.png","contentUrl":"https:\/\/www.mydental.com\/wp-content\/uploads\/2024\/05\/cropped-myDental-logo-r.png","width":762,"height":139,"caption":"myDental"},"image":{"@id":"https:\/\/www.mydental.com\/#\/schema\/logo\/image\/"}}]}},"_links":{"self":[{"href":"https:\/\/www.mydental.com\/es\/wp-json\/wp\/v2\/pages\/10345","targetHints":{"allow":["GET"]}}],"collection":[{"href":"https:\/\/www.mydental.com\/es\/wp-json\/wp\/v2\/pages"}],"about":[{"href":"https:\/\/www.mydental.com\/es\/wp-json\/wp\/v2\/types\/page"}],"author":[{"embeddable":true,"href":"https:\/\/www.mydental.com\/es\/wp-json\/wp\/v2\/users\/6"}],"replies":[{"embeddable":true,"href":"https:\/\/www.mydental.com\/es\/wp-json\/wp\/v2\/comments?post=10345"}],"version-history":[{"count":0,"href":"https:\/\/www.mydental.com\/es\/wp-json\/wp\/v2\/pages\/10345\/revisions"}],"up":[{"embeddable":true,"href":"https:\/\/www.mydental.com\/es\/wp-json\/wp\/v2\/pages\/139"}],"wp:attachment":[{"href":"https:\/\/www.mydental.com\/es\/wp-json\/wp\/v2\/media?parent=10345"}],"curies":[{"name":"wp","href":"https:\/\/api.w.org\/{rel}","templated":true}]}}